{"id":89,"date":"2025-03-17T10:56:58","date_gmt":"2025-03-17T09:56:58","guid":{"rendered":"https:\/\/www.vtpo.fr\/index.php\/panier\/"},"modified":"2025-03-27T13:35:19","modified_gmt":"2025-03-27T12:35:19","slug":"panier","status":"publish","type":"page","link":"https:\/\/www.vtpo.fr\/index.php\/panier\/","title":{"rendered":"Panier"},"content":{"rendered":"\t\t<div data-elementor-type=\"wp-page\" data-elementor-id=\"89\" class=\"elementor elementor-89\" data-elementor-post-type=\"page\">\n\t\t\t\t<div class=\"elementor-element elementor-element-58469f6 e-con-full e-flex e-con e-parent\" data-id=\"58469f6\" data-element_type=\"container\">\n\t\t<div class=\"elementor-element elementor-element-5439f16 e-con-full e-flex e-con e-child\" data-id=\"5439f16\" data-element_type=\"container\" data-settings=\"{&quot;background_background&quot;:&quot;classic&quot;}\">\n\t\t\t\t<\/div>\n\t\t\t\t<\/div>\n\t\t<div class=\"elementor-element elementor-element-74be7d2 e-con-full e-flex e-con e-parent\" data-id=\"74be7d2\" data-element_type=\"container\">\n\t\t<div class=\"elementor-element elementor-element-89d519e e-con-full e-flex e-con e-child\" data-id=\"89d519e\" data-element_type=\"container\">\n\t\t\t\t<div class=\"elementor-element elementor-element-a287531 elementor-widget__width-initial elementor-widget elementor-widget-heading\" data-id=\"a287531\" data-element_type=\"widget\" data-widget_type=\"heading.default\">\n\t\t\t\t\t<h2 class=\"elementor-heading-title elementor-size-default\">Produits similaires<\/h2>\t\t\t\t<\/div>\n\t\t<div class=\"elementor-element elementor-element-982d4ad e-con-full e-flex e-con e-child\" data-id=\"982d4ad\" data-element_type=\"container\" data-settings=\"{&quot;background_background&quot;:&quot;classic&quot;}\">\n\t\t\t\t<\/div>\n\t\t\t\t<\/div>\n\t\t\t\t<div class=\"elementor-element elementor-element-f736d8f elementor-grid-mobile-1 elementor-product-loop-item--align-left elementor-widget-mobile__width-inherit elementor-grid-tablet-2 elementor-grid-4 elementor-products-grid elementor-wc-products elementor-widget elementor-widget-woocommerce-products\" data-id=\"f736d8f\" data-element_type=\"widget\" data-widget_type=\"woocommerce-products.default\">\n\t\t\t\t<div class=\"elementor-widget-container\">\n\t\t\t\t\t<div class=\"woocommerce columns-4 \"><ul class=\"products elementor-grid columns-4\">\n<li class=\"product type-product post-888 status-publish first instock product_cat-femme product_cat-homme product_cat-outlet product_cat-running has-post-thumbnail sale shipping-taxable purchasable product-type-variable\">\n\t<a href=\"https:\/\/www.vtpo.fr\/index.php\/produit\/fitz-roy-alveomesh-veja-x-p-andrade-multico-grafite\/\" class=\"woocommerce-LoopProduct-link woocommerce-loop-product__link\">\n\t<span class=\"onsale\">Sale!<\/span>\n\t<img fetchpriority=\"high\" decoding=\"async\" width=\"300\" height=\"300\" src=\"https:\/\/www.vtpo.fr\/wp-content\/uploads\/2025\/03\/graphite1-300x300.webp\" class=\"attachment-woocommerce_thumbnail size-woocommerce_thumbnail\" alt=\"\" srcset=\"https:\/\/www.vtpo.fr\/wp-content\/uploads\/2025\/03\/graphite1-300x300.webp 300w, https:\/\/www.vtpo.fr\/wp-content\/uploads\/2025\/03\/graphite1-1024x1024.webp 1024w, https:\/\/www.vtpo.fr\/wp-content\/uploads\/2025\/03\/graphite1-150x150.webp 150w, https:\/\/www.vtpo.fr\/wp-content\/uploads\/2025\/03\/graphite1-768x768.webp 768w, https:\/\/www.vtpo.fr\/wp-content\/uploads\/2025\/03\/graphite1-600x600.webp 600w, https:\/\/www.vtpo.fr\/wp-content\/uploads\/2025\/03\/graphite1-100x100.webp 100w, https:\/\/www.vtpo.fr\/wp-content\/uploads\/2025\/03\/graphite1.webp 1500w\" sizes=\"(max-width: 300px) 100vw, 300px\" \/><h2 class=\"woocommerce-loop-product__title\">FITZ ROY ALVEOMESH VEJA X P.ANDRADE MULTICO GRAFITE<\/h2>\n\t<span class=\"price\"><del aria-hidden=\"true\"><span class=\"woocommerce-Price-amount amount\"><bdi>145,00&nbsp;<span class=\"woocommerce-Price-currencySymbol\">&euro;<\/span><\/bdi><\/span><\/del> <span class=\"screen-reader-text\">Original price was: 145,00&nbsp;&euro;.<\/span><ins aria-hidden=\"true\"><span class=\"woocommerce-Price-amount amount\"><bdi>131,00&nbsp;<span class=\"woocommerce-Price-currencySymbol\">&euro;<\/span><\/bdi><\/span><\/ins><span class=\"screen-reader-text\">Current price is: 131,00&nbsp;&euro;.<\/span><\/span>\n<\/a><div class=\"woocommerce-loop-product__buttons\"><a href=\"https:\/\/www.vtpo.fr\/index.php\/produit\/fitz-roy-alveomesh-veja-x-p-andrade-multico-grafite\/\" aria-describedby=\"woocommerce_loop_add_to_cart_link_describedby_888\" data-quantity=\"1\" class=\"button product_type_variable add_to_cart_button\" data-product_id=\"888\" data-product_sku=\"\" aria-label=\"Select options for &ldquo;FITZ ROY ALVEOMESH VEJA X P.ANDRADE MULTICO GRAFITE&rdquo;\" rel=\"nofollow\">Select options<\/a><\/div>\t<span id=\"woocommerce_loop_add_to_cart_link_describedby_888\" class=\"screen-reader-text\">\n\t\tThis product has multiple variants. The options may be chosen on the product page\t<\/span>\n<\/li>\n<li class=\"product type-product post-883 status-publish instock product_cat-femme product_cat-homme product_cat-nouveaux-produits product_cat-outlet product_cat-running product_cat-vegan has-post-thumbnail sale shipping-taxable purchasable product-type-variable\">\n\t<a href=\"https:\/\/www.vtpo.fr\/index.php\/produit\/condor-3-advanced-veja-x-cesar-villalba-areia-cashew-ouro\/\" class=\"woocommerce-LoopProduct-link woocommerce-loop-product__link\">\n\t<span class=\"onsale\">Sale!<\/span>\n\t<img decoding=\"async\" width=\"300\" height=\"300\" src=\"https:\/\/www.vtpo.fr\/wp-content\/uploads\/2025\/03\/condor1-300x300.webp\" class=\"attachment-woocommerce_thumbnail size-woocommerce_thumbnail\" alt=\"\" srcset=\"https:\/\/www.vtpo.fr\/wp-content\/uploads\/2025\/03\/condor1-300x300.webp 300w, https:\/\/www.vtpo.fr\/wp-content\/uploads\/2025\/03\/condor1-1024x1024.webp 1024w, https:\/\/www.vtpo.fr\/wp-content\/uploads\/2025\/03\/condor1-150x150.webp 150w, https:\/\/www.vtpo.fr\/wp-content\/uploads\/2025\/03\/condor1-768x768.webp 768w, https:\/\/www.vtpo.fr\/wp-content\/uploads\/2025\/03\/condor1-600x600.webp 600w, https:\/\/www.vtpo.fr\/wp-content\/uploads\/2025\/03\/condor1-100x100.webp 100w, https:\/\/www.vtpo.fr\/wp-content\/uploads\/2025\/03\/condor1.webp 1500w\" sizes=\"(max-width: 300px) 100vw, 300px\" \/><h2 class=\"woocommerce-loop-product__title\">CONDOR 3 ADVANCED VEJA X CESAR VILLALBA AREIA CASHEW OURO<\/h2>\n\t<span class=\"price\"><del aria-hidden=\"true\"><span class=\"woocommerce-Price-amount amount\"><bdi>190,00&nbsp;<span class=\"woocommerce-Price-currencySymbol\">&euro;<\/span><\/bdi><\/span><\/del> <span class=\"screen-reader-text\">Original price was: 190,00&nbsp;&euro;.<\/span><ins aria-hidden=\"true\"><span class=\"woocommerce-Price-amount amount\"><bdi>181,00&nbsp;<span class=\"woocommerce-Price-currencySymbol\">&euro;<\/span><\/bdi><\/span><\/ins><span class=\"screen-reader-text\">Current price is: 181,00&nbsp;&euro;.<\/span><\/span>\n<\/a><div class=\"woocommerce-loop-product__buttons\"><a href=\"https:\/\/www.vtpo.fr\/index.php\/produit\/condor-3-advanced-veja-x-cesar-villalba-areia-cashew-ouro\/\" aria-describedby=\"woocommerce_loop_add_to_cart_link_describedby_883\" data-quantity=\"1\" class=\"button product_type_variable add_to_cart_button\" data-product_id=\"883\" data-product_sku=\"\" aria-label=\"Select options for &ldquo;CONDOR 3 ADVANCED VEJA X CESAR VILLALBA AREIA CASHEW OURO&rdquo;\" rel=\"nofollow\">Select options<\/a><\/div>\t<span id=\"woocommerce_loop_add_to_cart_link_describedby_883\" class=\"screen-reader-text\">\n\t\tThis product has multiple variants. The options may be chosen on the product page\t<\/span>\n<\/li>\n<li class=\"product type-product post-878 status-publish instock product_cat-enfant product_cat-nouveaux-produits has-post-thumbnail shipping-taxable purchasable product-type-variable\">\n\t<a href=\"https:\/\/www.vtpo.fr\/index.php\/produit\/baby-suede-clay-pierre\/\" class=\"woocommerce-LoopProduct-link woocommerce-loop-product__link\"><img decoding=\"async\" width=\"300\" height=\"300\" src=\"https:\/\/www.vtpo.fr\/wp-content\/uploads\/2025\/03\/baby1-300x300.webp\" class=\"attachment-woocommerce_thumbnail size-woocommerce_thumbnail\" alt=\"\" srcset=\"https:\/\/www.vtpo.fr\/wp-content\/uploads\/2025\/03\/baby1-300x300.webp 300w, https:\/\/www.vtpo.fr\/wp-content\/uploads\/2025\/03\/baby1-1024x1024.webp 1024w, https:\/\/www.vtpo.fr\/wp-content\/uploads\/2025\/03\/baby1-150x150.webp 150w, https:\/\/www.vtpo.fr\/wp-content\/uploads\/2025\/03\/baby1-768x768.webp 768w, https:\/\/www.vtpo.fr\/wp-content\/uploads\/2025\/03\/baby1-600x600.webp 600w, https:\/\/www.vtpo.fr\/wp-content\/uploads\/2025\/03\/baby1-100x100.webp 100w, https:\/\/www.vtpo.fr\/wp-content\/uploads\/2025\/03\/baby1.webp 1500w\" sizes=\"(max-width: 300px) 100vw, 300px\" \/><h2 class=\"woocommerce-loop-product__title\">BABY SUEDE CLAY PIERRE<\/h2>\n\t<span class=\"price\"><span class=\"woocommerce-Price-amount amount\"><bdi>45,00&nbsp;<span class=\"woocommerce-Price-currencySymbol\">&euro;<\/span><\/bdi><\/span><\/span>\n<\/a><div class=\"woocommerce-loop-product__buttons\"><a href=\"https:\/\/www.vtpo.fr\/index.php\/produit\/baby-suede-clay-pierre\/\" aria-describedby=\"woocommerce_loop_add_to_cart_link_describedby_878\" data-quantity=\"1\" class=\"button product_type_variable add_to_cart_button\" data-product_id=\"878\" data-product_sku=\"\" aria-label=\"Select options for &ldquo;BABY SUEDE CLAY PIERRE&rdquo;\" rel=\"nofollow\">Select options<\/a><\/div>\t<span id=\"woocommerce_loop_add_to_cart_link_describedby_878\" class=\"screen-reader-text\">\n\t\tThis product has multiple variants. The options may be chosen on the product page\t<\/span>\n<\/li>\n<li class=\"product type-product post-872 status-publish last instock product_cat-enfant product_cat-running has-post-thumbnail shipping-taxable purchasable product-type-variable\">\n\t<a href=\"https:\/\/www.vtpo.fr\/index.php\/produit\/canary-elastic-laces-alveomesh-gravel-brittany\/\" class=\"woocommerce-LoopProduct-link woocommerce-loop-product__link\"><img loading=\"lazy\" decoding=\"async\" width=\"300\" height=\"300\" src=\"https:\/\/www.vtpo.fr\/wp-content\/uploads\/2025\/03\/running1-300x300.webp\" class=\"attachment-woocommerce_thumbnail size-woocommerce_thumbnail\" alt=\"\" srcset=\"https:\/\/www.vtpo.fr\/wp-content\/uploads\/2025\/03\/running1-300x300.webp 300w, https:\/\/www.vtpo.fr\/wp-content\/uploads\/2025\/03\/running1-1024x1024.webp 1024w, https:\/\/www.vtpo.fr\/wp-content\/uploads\/2025\/03\/running1-150x150.webp 150w, https:\/\/www.vtpo.fr\/wp-content\/uploads\/2025\/03\/running1-768x768.webp 768w, https:\/\/www.vtpo.fr\/wp-content\/uploads\/2025\/03\/running1-600x600.webp 600w, https:\/\/www.vtpo.fr\/wp-content\/uploads\/2025\/03\/running1-100x100.webp 100w, https:\/\/www.vtpo.fr\/wp-content\/uploads\/2025\/03\/running1.webp 1500w\" sizes=\"(max-width: 300px) 100vw, 300px\" \/><h2 class=\"woocommerce-loop-product__title\">CANARY ELASTIC LACES ALVEOMESH GRAVEL BRITTANY<\/h2>\n\t<span class=\"price\"><span class=\"woocommerce-Price-amount amount\"><bdi>95,00&nbsp;<span class=\"woocommerce-Price-currencySymbol\">&euro;<\/span><\/bdi><\/span><\/span>\n<\/a><div class=\"woocommerce-loop-product__buttons\"><a href=\"https:\/\/www.vtpo.fr\/index.php\/produit\/canary-elastic-laces-alveomesh-gravel-brittany\/\" aria-describedby=\"woocommerce_loop_add_to_cart_link_describedby_872\" data-quantity=\"1\" class=\"button product_type_variable add_to_cart_button\" data-product_id=\"872\" data-product_sku=\"\" aria-label=\"Select options for &ldquo;CANARY ELASTIC LACES ALVEOMESH GRAVEL BRITTANY&rdquo;\" rel=\"nofollow\">Select options<\/a><\/div>\t<span id=\"woocommerce_loop_add_to_cart_link_describedby_872\" class=\"screen-reader-text\">\n\t\tThis product has multiple variants. The options may be chosen on the product page\t<\/span>\n<\/li>\n<\/ul>\n<\/div>\t\t\t\t<\/div>\n\t\t\t\t<\/div>\n\t\t\t\t<\/div>\n\t\t<div class=\"elementor-element elementor-element-c839645 e-con-full e-flex e-con e-parent\" data-id=\"c839645\" data-element_type=\"container\" data-settings=\"{&quot;background_background&quot;:&quot;classic&quot;}\">\n\t\t<div class=\"elementor-element elementor-element-d0b4bfb e-grid e-con-full e-con e-child\" data-id=\"d0b4bfb\" data-element_type=\"container\">\n\t\t<div class=\"elementor-element elementor-element-a3235b7 e-con-full e-flex e-con e-child\" data-id=\"a3235b7\" data-element_type=\"container\">\n\t\t\t\t<div class=\"elementor-element elementor-element-0e287af elementor-widget elementor-widget-heading\" data-id=\"0e287af\" data-element_type=\"widget\" data-widget_type=\"heading.default\">\n\t\t\t\t\t<h2 class=\"elementor-heading-title elementor-size-default\">Aide<\/h2>\t\t\t\t<\/div>\n\t\t\t\t<div class=\"elementor-element elementor-element-5bf3d1e elementor-widget elementor-widget-text-editor\" data-id=\"5bf3d1e\" data-element_type=\"widget\" data-widget_type=\"text-editor.default\">\n\t\t\t\t\t\t\t\t\t<p>FAQ<\/p><p>Livraison<br>Retours et remboursements<br>Guide des tailles<br>Nous contacter<\/p>\t\t\t\t\t\t\t\t<\/div>\n\t\t\t\t<\/div>\n\t\t<div class=\"elementor-element elementor-element-914ac18 e-con-full e-flex e-con e-child\" data-id=\"914ac18\" data-element_type=\"container\">\n\t\t\t\t<div class=\"elementor-element elementor-element-9af1cca elementor-widget elementor-widget-heading\" data-id=\"9af1cca\" data-element_type=\"widget\" data-widget_type=\"heading.default\">\n\t\t\t\t\t<h2 class=\"elementor-heading-title elementor-size-default\">Informations<\/h2>\t\t\t\t<\/div>\n\t\t\t\t<div class=\"elementor-element elementor-element-1597fc3 elementor-widget elementor-widget-text-editor\" data-id=\"1597fc3\" data-element_type=\"widget\" data-widget_type=\"text-editor.default\">\n\t\t\t\t\t\t\t\t\t<p><span style=\"white-space-collapse: preserve;\">Nos points de vente<br \/>E-carte cadeau<br \/>Jobs<br \/>Accessibilit\u00e9<\/span><\/p>\t\t\t\t\t\t\t\t<\/div>\n\t\t\t\t<\/div>\n\t\t<div class=\"elementor-element elementor-element-220acf5 e-con-full e-flex e-con e-child\" data-id=\"220acf5\" data-element_type=\"container\">\n\t\t\t\t<div class=\"elementor-element elementor-element-cffa15f elementor-widget elementor-widget-heading\" data-id=\"cffa15f\" data-element_type=\"widget\" data-widget_type=\"heading.default\">\n\t\t\t\t\t<h2 class=\"elementor-heading-title elementor-size-default\">Projet Veja<\/h2>\t\t\t\t<\/div>\n\t\t\t\t<div class=\"elementor-element elementor-element-25dfb39 elementor-widget elementor-widget-text-editor\" data-id=\"25dfb39\" data-element_type=\"widget\" data-widget_type=\"text-editor.default\">\n\t\t\t\t\t\t\t\t\t<p><span style=\"white-space-collapse: preserve;\">\u00c0 propos<br>Transparence<br>\u00c9missions de CO2<br>Mati\u00e8res innovantes<br>Insertion sociale<\/span><\/p>\t\t\t\t\t\t\t\t<\/div>\n\t\t\t\t<\/div>\n\t\t<div class=\"elementor-element elementor-element-5fb9596 e-con-full e-flex e-con e-child\" data-id=\"5fb9596\" data-element_type=\"container\">\n\t\t\t\t<div class=\"elementor-element elementor-element-0f9d1ee elementor-widget elementor-widget-heading\" data-id=\"0f9d1ee\" data-element_type=\"widget\" data-widget_type=\"heading.default\">\n\t\t\t\t\t<h2 class=\"elementor-heading-title elementor-size-default\">Liens utiles<\/h2>\t\t\t\t<\/div>\n\t\t\t\t<div class=\"elementor-element elementor-element-c7c42b2 elementor-widget elementor-widget-text-editor\" data-id=\"c7c42b2\" data-element_type=\"widget\" data-widget_type=\"text-editor.default\">\n\t\t\t\t\t\t\t\t\t<p><span style=\"white-space-collapse: preserve;\">Mentions l\u00e9gales<br \/>Confidentialit\u00e9s<br \/>Conditions de vente<br \/>Accesibilit\u00e9<\/span><\/p>\t\t\t\t\t\t\t\t<\/div>\n\t\t\t\t<\/div>\n\t\t\t\t<\/div>\n\t\t<div class=\"elementor-element elementor-element-7ea86f6 e-con-full e-flex e-con e-child\" data-id=\"7ea86f6\" data-element_type=\"container\">\n\t\t\t\t<div class=\"elementor-element elementor-element-4fca15e elementor-widget elementor-widget-heading\" data-id=\"4fca15e\" data-element_type=\"widget\" data-widget_type=\"heading.default\">\n\t\t\t\t\t<h2 class=\"elementor-heading-title elementor-size-default\">Paiement S\u00e9curis\u00e9<\/h2>\t\t\t\t<\/div>\n\t\t\t\t<div class=\"elementor-element elementor-element-ea1c1bb elementor-hidden-mobile elementor-widget-divider--view-line elementor-widget elementor-widget-divider\" data-id=\"ea1c1bb\" data-element_type=\"widget\" data-widget_type=\"divider.default\">\n\t\t\t\t\t\t\t<div class=\"elementor-divider\">\n\t\t\t<span class=\"elementor-divider-separator\">\n\t\t\t\t\t\t<\/span>\n\t\t<\/div>\n\t\t\t\t\t\t<\/div>\n\t\t\t\t<div class=\"elementor-element elementor-element-51acc9e elementor-hidden-mobile elementor-widget elementor-widget-image\" data-id=\"51acc9e\" data-element_type=\"widget\" data-widget_type=\"image.default\">\n\t\t\t\t\t\t\t\t\t\t\t\t\t\t\t<img loading=\"lazy\" decoding=\"async\" width=\"588\" height=\"34\" src=\"https:\/\/www.vtpo.fr\/wp-content\/uploads\/2025\/03\/moyens-de-payements.png\" class=\"attachment-large size-large wp-image-206\" alt=\"\" srcset=\"https:\/\/www.vtpo.fr\/wp-content\/uploads\/2025\/03\/moyens-de-payements.png 588w, https:\/\/www.vtpo.fr\/wp-content\/uploads\/2025\/03\/moyens-de-payements-300x17.png 300w\" sizes=\"(max-width: 588px) 100vw, 588px\" \/>\t\t\t\t\t\t\t\t\t\t\t\t\t\t\t<\/div>\n\t\t\t\t<div class=\"elementor-element elementor-element-d3b7ded elementor-hidden-desktop elementor-hidden-tablet elementor-widget elementor-widget-image\" data-id=\"d3b7ded\" data-element_type=\"widget\" data-widget_type=\"image.default\">\n\t\t\t\t\t\t\t\t\t\t\t\t\t\t\t<img loading=\"lazy\" decoding=\"async\" width=\"287\" height=\"101\" src=\"https:\/\/www.vtpo.fr\/wp-content\/uploads\/2025\/03\/moyens-de-payements-mobile.png\" class=\"attachment-large size-large wp-image-231\" alt=\"\" \/>\t\t\t\t\t\t\t\t\t\t\t\t\t\t\t<\/div>\n\t\t\t\t<\/div>\n\t\t\t\t<\/div>\n\t\t<div class=\"elementor-element elementor-element-07375b3 e-con-full e-flex e-con e-parent\" data-id=\"07375b3\" data-element_type=\"container\">\n\t\t\t\t<div class=\"elementor-element elementor-element-09b6ac8 elementor-widget__width-initial elementor-hidden-mobile elementor-widget elementor-widget-image\" data-id=\"09b6ac8\" data-element_type=\"widget\" data-widget_type=\"image.default\">\n\t\t\t\t\t\t\t\t\t\t\t\t\t\t\t<img loading=\"lazy\" decoding=\"async\" width=\"31\" height=\"45\" src=\"https:\/\/www.vtpo.fr\/wp-content\/uploads\/2025\/03\/CertifiedB.png\" class=\"attachment-large size-large wp-image-218\" alt=\"\" \/>\t\t\t\t\t\t\t\t\t\t\t\t\t\t\t<\/div>\n\t\t\t\t<div class=\"elementor-element elementor-element-68b4c0c elementor-widget__width-initial elementor-widget-mobile__width-initial elementor-widget elementor-widget-text-editor\" data-id=\"68b4c0c\" data-element_type=\"widget\" data-widget_type=\"text-editor.default\">\n\t\t\t\t\t\t\t\t\t<p>Depuis 2005, VEJA cr\u00e9e des sneakers autrement, alliant projets sociaux, \u00e9quit\u00e9 \u00e9conomique et mat\u00e9riaux \u00e9cologiques. \u00a92025 VEJA<\/p>\t\t\t\t\t\t\t\t<\/div>\n\t\t\t\t<\/div>\n\t\t\t\t<\/div>\n\t\t","protected":false},"excerpt":{"rendered":"<p>Supprimer l\u2019\u00e9l\u00e9ment Miniature Produit Prix Quantit\u00e9 Sous-total &times; CONDOR 3 ADVANCED VEJA X CESAR VILLALBA AREIA CASHEW OURO 171,00&nbsp;&euro; quantit\u00e9 de CONDOR 3 ADVANCED VEJA X CESAR VILLALBA AREIA CASHEW OURO 171,00&nbsp;&euro; Appliquer le code promo Totaux du panier Sous-total 171,00&nbsp;&euro; Total 171,00&nbsp;&euro; Commander Produits similaires Aide FAQ LivraisonRetours et remboursementsGuide des taillesNous contacter Informations [&hellip;]<\/p>\n","protected":false},"author":1,"featured_media":0,"parent":0,"menu_order":0,"comment_status":"closed","ping_status":"closed","template":"elementor_header_footer","meta":{"footnotes":""},"class_list":["post-89","page","type-page","status-publish","hentry"],"_links":{"self":[{"href":"https:\/\/www.vtpo.fr\/index.php\/wp-json\/wp\/v2\/pages\/89","targetHints":{"allow":["GET"]}}],"collection":[{"href":"https:\/\/www.vtpo.fr\/index.php\/wp-json\/wp\/v2\/pages"}],"about":[{"href":"https:\/\/www.vtpo.fr\/index.php\/wp-json\/wp\/v2\/types\/page"}],"author":[{"embeddable":true,"href":"https:\/\/www.vtpo.fr\/index.php\/wp-json\/wp\/v2\/users\/1"}],"replies":[{"embeddable":true,"href":"https:\/\/www.vtpo.fr\/index.php\/wp-json\/wp\/v2\/comments?post=89"}],"version-history":[{"count":37,"href":"https:\/\/www.vtpo.fr\/index.php\/wp-json\/wp\/v2\/pages\/89\/revisions"}],"predecessor-version":[{"id":896,"href":"https:\/\/www.vtpo.fr\/index.php\/wp-json\/wp\/v2\/pages\/89\/revisions\/896"}],"wp:attachment":[{"href":"https:\/\/www.vtpo.fr\/index.php\/wp-json\/wp\/v2\/media?parent=89"}],"curies":[{"name":"wp","href":"https:\/\/api.w.org\/{rel}","templated":true}]}}