{"id":91,"date":"2025-03-17T10:56:58","date_gmt":"2025-03-17T09:56:58","guid":{"rendered":"https:\/\/www.vtpo.fr\/index.php\/mon-compte\/"},"modified":"2025-03-22T17:08:41","modified_gmt":"2025-03-22T16:08:41","slug":"mon-compte","status":"publish","type":"page","link":"https:\/\/www.vtpo.fr\/index.php\/mon-compte\/","title":{"rendered":"Mon compte"},"content":{"rendered":"\t\t<div data-elementor-type=\"wp-page\" data-elementor-id=\"91\" class=\"elementor elementor-91\" data-elementor-post-type=\"page\">\n\t\t\t\t<div class=\"elementor-element elementor-element-1d5ad0b e-con-full e-flex e-con e-parent\" data-id=\"1d5ad0b\" data-element_type=\"container\">\n\t\t\t\t<div class=\"elementor-element elementor-element-afe6c63 e-my-account-tabs-vertical elementor-widget elementor-widget-woocommerce-my-account\" data-id=\"afe6c63\" data-element_type=\"widget\" data-widget_type=\"woocommerce-my-account.default\">\n\t\t\t\t\t<div class=\"e-my-account-tab e-my-account-tab__ \">\t\t\t<div class=\"woocommerce\"><\/div>\t\t<\/div>\n\t\t\t\t\t\t<\/div>\n\t\t\t\t<\/div>\n\t\t<div class=\"elementor-element elementor-element-1290650 e-con-full e-flex e-con e-parent\" data-id=\"1290650\" data-element_type=\"container\" data-settings=\"{&quot;background_background&quot;:&quot;classic&quot;}\">\n\t\t<div class=\"elementor-element elementor-element-79cc752 e-grid e-con-full e-con e-child\" data-id=\"79cc752\" data-element_type=\"container\">\n\t\t<div class=\"elementor-element elementor-element-3fa712a e-con-full e-flex e-con e-child\" data-id=\"3fa712a\" data-element_type=\"container\">\n\t\t\t\t<div class=\"elementor-element elementor-element-9d97fbb elementor-widget elementor-widget-heading\" data-id=\"9d97fbb\" data-element_type=\"widget\" data-widget_type=\"heading.default\">\n\t\t\t\t\t<h2 class=\"elementor-heading-title elementor-size-default\">Aide<\/h2>\t\t\t\t<\/div>\n\t\t\t\t<div class=\"elementor-element elementor-element-3385c72 elementor-widget elementor-widget-text-editor\" data-id=\"3385c72\" data-element_type=\"widget\" data-widget_type=\"text-editor.default\">\n\t\t\t\t\t\t\t\t\t<p>FAQ<\/p><p>Livraison<br>Retours et remboursements<br>Guide des tailles<br>Nous contacter<\/p>\t\t\t\t\t\t\t\t<\/div>\n\t\t\t\t<\/div>\n\t\t<div class=\"elementor-element elementor-element-3906772 e-con-full e-flex e-con e-child\" data-id=\"3906772\" data-element_type=\"container\">\n\t\t\t\t<div class=\"elementor-element elementor-element-5cab08a elementor-widget elementor-widget-heading\" data-id=\"5cab08a\" data-element_type=\"widget\" data-widget_type=\"heading.default\">\n\t\t\t\t\t<h2 class=\"elementor-heading-title elementor-size-default\">Informations<\/h2>\t\t\t\t<\/div>\n\t\t\t\t<div class=\"elementor-element elementor-element-98c51df elementor-widget elementor-widget-text-editor\" data-id=\"98c51df\" data-element_type=\"widget\" data-widget_type=\"text-editor.default\">\n\t\t\t\t\t\t\t\t\t<p><span style=\"white-space-collapse: preserve;\">Nos points de vente<br \/>E-carte cadeau<br \/>Jobs<br \/>Accessibilit\u00e9<\/span><\/p>\t\t\t\t\t\t\t\t<\/div>\n\t\t\t\t<\/div>\n\t\t<div class=\"elementor-element elementor-element-e2b7a84 e-con-full e-flex e-con e-child\" data-id=\"e2b7a84\" data-element_type=\"container\">\n\t\t\t\t<div class=\"elementor-element elementor-element-cdf67cb elementor-widget elementor-widget-heading\" data-id=\"cdf67cb\" data-element_type=\"widget\" data-widget_type=\"heading.default\">\n\t\t\t\t\t<h2 class=\"elementor-heading-title elementor-size-default\">Projet Veja<\/h2>\t\t\t\t<\/div>\n\t\t\t\t<div class=\"elementor-element elementor-element-f597dc8 elementor-widget elementor-widget-text-editor\" data-id=\"f597dc8\" data-element_type=\"widget\" data-widget_type=\"text-editor.default\">\n\t\t\t\t\t\t\t\t\t<p><span style=\"white-space-collapse: preserve;\">\u00c0 propos<br>Transparence<br>\u00c9missions de CO2<br>Mati\u00e8res innovantes<br>Insertion sociale<\/span><\/p>\t\t\t\t\t\t\t\t<\/div>\n\t\t\t\t<\/div>\n\t\t<div class=\"elementor-element elementor-element-dfcac1c e-con-full e-flex e-con e-child\" data-id=\"dfcac1c\" data-element_type=\"container\">\n\t\t\t\t<div class=\"elementor-element elementor-element-32fae43 elementor-widget elementor-widget-heading\" data-id=\"32fae43\" data-element_type=\"widget\" data-widget_type=\"heading.default\">\n\t\t\t\t\t<h2 class=\"elementor-heading-title elementor-size-default\">Liens utiles<\/h2>\t\t\t\t<\/div>\n\t\t\t\t<div class=\"elementor-element elementor-element-86c784d elementor-widget elementor-widget-text-editor\" data-id=\"86c784d\" data-element_type=\"widget\" data-widget_type=\"text-editor.default\">\n\t\t\t\t\t\t\t\t\t<p><span style=\"white-space-collapse: preserve;\">Mentions l\u00e9gales<br \/>Confidentialit\u00e9s<br \/>Conditions de vente<br \/>Accesibilit\u00e9<\/span><\/p>\t\t\t\t\t\t\t\t<\/div>\n\t\t\t\t<\/div>\n\t\t\t\t<\/div>\n\t\t<div class=\"elementor-element elementor-element-4f0447f e-con-full e-flex e-con e-child\" data-id=\"4f0447f\" data-element_type=\"container\">\n\t\t\t\t<div class=\"elementor-element elementor-element-67d9315 elementor-widget elementor-widget-heading\" data-id=\"67d9315\" data-element_type=\"widget\" data-widget_type=\"heading.default\">\n\t\t\t\t\t<h2 class=\"elementor-heading-title elementor-size-default\">Paiement S\u00e9curis\u00e9<\/h2>\t\t\t\t<\/div>\n\t\t\t\t<div class=\"elementor-element elementor-element-23a2981 elementor-hidden-mobile elementor-widget-divider--view-line elementor-widget elementor-widget-divider\" data-id=\"23a2981\" data-element_type=\"widget\" data-widget_type=\"divider.default\">\n\t\t\t\t\t\t\t<div class=\"elementor-divider\">\n\t\t\t<span class=\"elementor-divider-separator\">\n\t\t\t\t\t\t<\/span>\n\t\t<\/div>\n\t\t\t\t\t\t<\/div>\n\t\t\t\t<div class=\"elementor-element elementor-element-a43d6bc elementor-hidden-mobile elementor-widget elementor-widget-image\" data-id=\"a43d6bc\" data-element_type=\"widget\" data-widget_type=\"image.default\">\n\t\t\t\t\t\t\t\t\t\t\t\t\t\t\t<img decoding=\"async\" width=\"588\" height=\"34\" src=\"https:\/\/www.vtpo.fr\/wp-content\/uploads\/2025\/03\/moyens-de-payements.png\" class=\"attachment-large size-large wp-image-206\" alt=\"\" srcset=\"https:\/\/www.vtpo.fr\/wp-content\/uploads\/2025\/03\/moyens-de-payements.png 588w, https:\/\/www.vtpo.fr\/wp-content\/uploads\/2025\/03\/moyens-de-payements-300x17.png 300w\" sizes=\"(max-width: 588px) 100vw, 588px\" \/>\t\t\t\t\t\t\t\t\t\t\t\t\t\t\t<\/div>\n\t\t\t\t<div class=\"elementor-element elementor-element-0d218b1 elementor-hidden-desktop elementor-hidden-tablet elementor-widget elementor-widget-image\" data-id=\"0d218b1\" data-element_type=\"widget\" data-widget_type=\"image.default\">\n\t\t\t\t\t\t\t\t\t\t\t\t\t\t\t<img decoding=\"async\" width=\"287\" height=\"101\" src=\"https:\/\/www.vtpo.fr\/wp-content\/uploads\/2025\/03\/moyens-de-payements-mobile.png\" class=\"attachment-large size-large wp-image-231\" alt=\"\" \/>\t\t\t\t\t\t\t\t\t\t\t\t\t\t\t<\/div>\n\t\t\t\t<\/div>\n\t\t\t\t<\/div>\n\t\t<div class=\"elementor-element elementor-element-1e7bdbe e-con-full e-flex e-con e-parent\" data-id=\"1e7bdbe\" data-element_type=\"container\">\n\t\t\t\t<div class=\"elementor-element elementor-element-7e0c750 elementor-widget__width-initial elementor-hidden-mobile elementor-widget elementor-widget-image\" data-id=\"7e0c750\" data-element_type=\"widget\" data-widget_type=\"image.default\">\n\t\t\t\t\t\t\t\t\t\t\t\t\t\t\t<img decoding=\"async\" width=\"31\" height=\"45\" src=\"https:\/\/www.vtpo.fr\/wp-content\/uploads\/2025\/03\/CertifiedB.png\" class=\"attachment-large size-large wp-image-218\" alt=\"\" \/>\t\t\t\t\t\t\t\t\t\t\t\t\t\t\t<\/div>\n\t\t\t\t<div class=\"elementor-element elementor-element-d50c176 elementor-widget__width-initial elementor-widget-mobile__width-initial elementor-widget elementor-widget-text-editor\" data-id=\"d50c176\" data-element_type=\"widget\" data-widget_type=\"text-editor.default\">\n\t\t\t\t\t\t\t\t\t<p>Depuis 2005, VEJA cr\u00e9e des sneakers autrement, alliant projets sociaux, \u00e9quit\u00e9 \u00e9conomique et mat\u00e9riaux \u00e9cologiques. \u00a92025 VEJA<\/p>\t\t\t\t\t\t\t\t<\/div>\n\t\t\t\t<\/div>\n\t\t\t\t<\/div>\n\t\t","protected":false},"excerpt":{"rendered":"<p>Tableau de bord Commandes T\u00e9l\u00e9chargements Adresses D\u00e9tails du compte D\u00e9connexion Bonjour Vincent (vous n\u2019\u00eates pas Vincent\u00a0? D\u00e9connexion) \u00c0 partir du tableau de bord de votre compte, vous pouvez visualiser vos commandes r\u00e9centes, g\u00e9rer vos adresses de livraison et de facturation ainsi que changer votre mot de passe et les d\u00e9tails de votre compte. Aide FAQ [&hellip;]<\/p>\n","protected":false},"author":1,"featured_media":0,"parent":0,"menu_order":0,"comment_status":"closed","ping_status":"closed","template":"elementor_header_footer","meta":{"footnotes":""},"class_list":["post-91","page","type-page","status-publish","hentry"],"_links":{"self":[{"href":"https:\/\/www.vtpo.fr\/index.php\/wp-json\/wp\/v2\/pages\/91","targetHints":{"allow":["GET"]}}],"collection":[{"href":"https:\/\/www.vtpo.fr\/index.php\/wp-json\/wp\/v2\/pages"}],"about":[{"href":"https:\/\/www.vtpo.fr\/index.php\/wp-json\/wp\/v2\/types\/page"}],"author":[{"embeddable":true,"href":"https:\/\/www.vtpo.fr\/index.php\/wp-json\/wp\/v2\/users\/1"}],"replies":[{"embeddable":true,"href":"https:\/\/www.vtpo.fr\/index.php\/wp-json\/wp\/v2\/comments?post=91"}],"version-history":[{"count":13,"href":"https:\/\/www.vtpo.fr\/index.php\/wp-json\/wp\/v2\/pages\/91\/revisions"}],"predecessor-version":[{"id":727,"href":"https:\/\/www.vtpo.fr\/index.php\/wp-json\/wp\/v2\/pages\/91\/revisions\/727"}],"wp:attachment":[{"href":"https:\/\/www.vtpo.fr\/index.php\/wp-json\/wp\/v2\/media?parent=91"}],"curies":[{"name":"wp","href":"https:\/\/api.w.org\/{rel}","templated":true}]}}