{"id":842,"date":"2025-03-27T12:55:03","date_gmt":"2025-03-27T11:55:03","guid":{"rendered":"https:\/\/www.vtpo.fr\/?post_type=product&#038;p=842"},"modified":"2025-03-27T17:41:41","modified_gmt":"2025-03-27T16:41:41","slug":"v-90-leather-white-cyprus","status":"publish","type":"product","link":"https:\/\/www.vtpo.fr\/index.php\/produit\/v-90-leather-white-cyprus\/","title":{"rendered":"V-90 LEATHER WHITE CYPRUS"},"content":{"rendered":"<p><strong>Tige<\/strong>\u00a0: Cuir Organic Traced (O.T.)<br \/>\n<strong>Empi\u00e8cements<\/strong>\u00a0: Su\u00e8de et Cuir Organic Traced (O.T.)<br \/>\n<strong>Logo V<\/strong>\u00a0: Su\u00e8de<br \/>\n<strong>Semelle int\u00e9rieure<\/strong>\u00a0: Caoutchouc d\u2019Amazonie (12%), E.V.A. bio-sourc\u00e9 (53% dont 42% canne \u00e0 sucre), coton biologique (23%) et autres (12%)<br \/>\n<strong>Semelle ext\u00e9rieure<\/strong>\u00a0: Caoutchouc d&#8217;Amazonie (40%), silice min\u00e9rale (23%), caoutchouc recycl\u00e9 (10%), caoutchouc synth\u00e9tique (11%) et autres (16%)<br \/>\n<strong>Doublure<\/strong>\u00a0: Polyester recycl\u00e9 (100%)<br \/>\n<strong>Lacets<\/strong>\u00a0: Coton biologique (100%)<br \/>\n<b>Fabriqu\u00e9 au Br\u00e9sil<\/b><\/p>\n<p>Le cuir O.T. (Organic Traced) provient de fermes 100 % certifi\u00e9es biologiques en Uruguay, un pays reconnu pour sa culture de l\u2019\u00e9levage et la qualit\u00e9 de son cuir. C\u2019est notre cuir le plus souple et fin. Il est travaill\u00e9 m\u00e9caniquement pour gagner en souplesse et finesse, puis tann\u00e9 au Br\u00e9sil avec moins de colorants que le cuir conventionnel. VEJA utilise des colorants conformes \u00e0 la r\u00e9glementation et veille \u00e0 une utilisation raisonn\u00e9e de l\u2019eau durant le processus de tannage.<\/p>\n<p>Fiche produit relative aux qualit\u00e9s et caract\u00e9ristiques environnementales<br \/>\n&#8211; Piquage, montage et finition : Br\u00e9sil<br \/>\n&#8211; Bo\u00eete \u00e0 chaussure (certifi\u00e9e FSC\u2122) et emballage compos\u00e9 d&#8217;au moins 60% de mati\u00e8res recycl\u00e9es, recyclable et r\u00e9employable<br \/>\n&#8211; Pochette 100% recycl\u00e9e et recyclable<\/p>\n<p><strong>Livraisons et retours<\/strong><\/p>\n<p>Offerts \u00e0 partir de 65\u20ac<br \/>\nLivraison \u00e0 domicile : 3 \u00e0 7 jours<br \/>\nLivraison Point Relais : 3 \u00e0 5 jours<br \/>\nLivraison Express : 2 \u00e0 5 jours<br \/>\nLivraison du lundi au samedi (hors jours f\u00e9ri\u00e9s), \u00e0 compter de la r\u00e9ception de l&#8217;e-mail de confirmation de commande.<br \/>\nVous disposez de 28 jours \u00e0 compter de la date de livraison pour retourner votre achat.<br \/>\nEn savoir plus sur les d\u00e9lais de livraison et la politique de retour.<\/p>\n","protected":false},"excerpt":{"rendered":"<p>L&#8217;usage de la machine \u00e0 laver est fortement d\u00e9conseill\u00e9 pour ne pas alt\u00e9rer les propri\u00e9t\u00e9s des diff\u00e9rents mat\u00e9riaux.<\/p>\n<p>&#8211; Imperm\u00e9abilisez vos chaussures \u00e0 l&#8217;aide d&#8217;un produit adapt\u00e9 \u00e0 la mati\u00e8re. R\u00e9it\u00e9rez cette op\u00e9ration tous les 3 \u00e0 6 mois.<\/p>\n<p>&#8211; Entretenez le cuir lisse de vos chaussures avec un chiffon humide et avec un produit sp\u00e9cifique en spray. Terminez en appliquant un baume protecteur. R\u00e9it\u00e9rez cette op\u00e9ration tous les 3 mois en fonction de l&#8217;\u00e9tat de vos chaussures.<\/p>\n<p>&#8211; Laissez s\u00e9cher \u00e0 l\u2019air libre, loin des sources de chaleur (comme le soleil ou les radiateurs), pour pr\u00e9venir la d\u00e9coloration.<\/p>\n<p><u>Service cordonnerie<\/u><\/p>\n<p>Les cordonneries VEJA proposent un service de r\u00e9paration et de nettoyage de vos chaussures. Retrouvez toutes les d\u00e9tails sur la page points de vente.<\/p>\n<p>Si vous avez la moindre question, n\u02bch\u00e9sitez pas \u00e0 contacter le Service Client via le formulaire de contact.<\/p>\n","protected":false},"featured_media":845,"template":"","meta":[],"product_brand":[],"product_cat":[31,23,19,20],"product_tag":[],"class_list":{"0":"post-842","1":"product","2":"type-product","3":"status-publish","4":"has-post-thumbnail","6":"product_cat-nouveaux-produits","7":"product_cat-vegan","8":"product_cat-homme","9":"product_cat-femme","11":"first","12":"instock","13":"shipping-taxable","14":"purchasable","15":"product-type-variable"},"_links":{"self":[{"href":"https:\/\/www.vtpo.fr\/index.php\/wp-json\/wp\/v2\/product\/842","targetHints":{"allow":["GET"]}}],"collection":[{"href":"https:\/\/www.vtpo.fr\/index.php\/wp-json\/wp\/v2\/product"}],"about":[{"href":"https:\/\/www.vtpo.fr\/index.php\/wp-json\/wp\/v2\/types\/product"}],"version-history":[{"count":3,"href":"https:\/\/www.vtpo.fr\/index.php\/wp-json\/wp\/v2\/product\/842\/revisions"}],"predecessor-version":[{"id":983,"href":"https:\/\/www.vtpo.fr\/index.php\/wp-json\/wp\/v2\/product\/842\/revisions\/983"}],"wp:featuredmedia":[{"embeddable":true,"href":"https:\/\/www.vtpo.fr\/index.php\/wp-json\/wp\/v2\/media\/845"}],"wp:attachment":[{"href":"https:\/\/www.vtpo.fr\/index.php\/wp-json\/wp\/v2\/media?parent=842"}],"wp:term":[{"taxonomy":"product_brand","embeddable":true,"href":"https:\/\/www.vtpo.fr\/index.php\/wp-json\/wp\/v2\/product_brand?post=842"},{"taxonomy":"product_cat","embeddable":true,"href":"https:\/\/www.vtpo.fr\/index.php\/wp-json\/wp\/v2\/product_cat?post=842"},{"taxonomy":"product_tag","embeddable":true,"href":"https:\/\/www.vtpo.fr\/index.php\/wp-json\/wp\/v2\/product_tag?post=842"}],"curies":[{"name":"wp","href":"https:\/\/api.w.org\/{rel}","templated":true}]}}