{"id":847,"date":"2025-03-27T12:57:28","date_gmt":"2025-03-27T11:57:28","guid":{"rendered":"https:\/\/www.vtpo.fr\/?post_type=product&#038;p=847"},"modified":"2025-03-27T15:07:57","modified_gmt":"2025-03-27T14:07:57","slug":"scarf-panenka-cotton-dark-green","status":"publish","type":"product","link":"https:\/\/www.vtpo.fr\/index.php\/produit\/scarf-panenka-cotton-dark-green\/","title":{"rendered":"SCARF PANENKA COTTON DARK GREEN"},"content":{"rendered":"<p>\u00c9DITION LIMIT\u00c9E &#8211; VEJA lance des \u00e9charpes uniques pour accompagner le lancement de la Panenka.<\/p>\n<p>Longueur : 160 cm<br \/>\nLargeur : 20 cm<br \/>\nFranges de 5 cm \u00e0 chaque extr\u00e9mit\u00e9<br \/>\nCoton recycl\u00e9 (80%) et polyester recycl\u00e9 (20%)<br \/>\n<strong>Fabriqu\u00e9 au Portugal<\/strong><\/p>\n<p>Le coton recycl\u00e9 est issu de surplus de textiles industriels, et le polyester recycl\u00e9 de produits ayant d\u00e9j\u00e0 \u00e9t\u00e9 utilis\u00e9s. Certifi\u00e9 GRS (Global Recycled Standard) et OEKO-TEX\u00ae STANDARD 100.<\/p>\n<p>&#8211; Bo\u00eete \u00e0 chaussure (certifi\u00e9e FSC\u2122) et emballage compos\u00e9 d&#8217;au moins 60% de mati\u00e8res recycl\u00e9es, recyclable et r\u00e9employable<br \/>\n&#8211; Pochette 100% recycl\u00e9e et recyclable<\/p>\n","protected":false},"excerpt":{"rendered":"<p>Les \u00e9charpes VEJA sont fabriqu\u00e9es \u00e0 partir de coton et polyester recycl\u00e9s, certifi\u00e9s GRS (Global Recycle Standard) et OEKO-TEX\u00ae STANDARD 100. Pour pr\u00e9server la couleur et la qualit\u00e9 du tissu, suivez ces conseils d&#8217;entretien :<\/p>\n<p>Conservez \u00e0 plat et d\u00e9nou\u00e9. \u00c9vitez tout contact avec des produits chimiques.<br \/>\nNettoyez votre \u00e9charpe \u00e0 la main en utilisant de l&#8217;eau temp\u00e9r\u00e9e et un savon doux (type savon de Marseille ou savon noir).<br \/>\nLaissez s\u00e9cher \u00e0 l\u2019air libre, loin des sources de chaleur (soleil ou radiateur), pour pr\u00e9venir la d\u00e9coloration.<br \/>\nRepassez votre \u00e9charpe \u00e0 basse temp\u00e9rature maximum 110\u00b0C.<\/p>\n","protected":false},"featured_media":850,"template":"","meta":[],"product_brand":[],"product_cat":[31,23,25,19,20,22],"product_tag":[],"class_list":{"0":"post-847","1":"product","2":"type-product","3":"status-publish","4":"has-post-thumbnail","6":"product_cat-nouveaux-produits","7":"product_cat-vegan","8":"product_cat-outlet","9":"product_cat-homme","10":"product_cat-femme","11":"product_cat-accessoires","13":"first","14":"instock","15":"sale","16":"shipping-taxable","17":"purchasable","18":"product-type-simple"},"_links":{"self":[{"href":"https:\/\/www.vtpo.fr\/index.php\/wp-json\/wp\/v2\/product\/847","targetHints":{"allow":["GET"]}}],"collection":[{"href":"https:\/\/www.vtpo.fr\/index.php\/wp-json\/wp\/v2\/product"}],"about":[{"href":"https:\/\/www.vtpo.fr\/index.php\/wp-json\/wp\/v2\/types\/product"}],"version-history":[{"count":1,"href":"https:\/\/www.vtpo.fr\/index.php\/wp-json\/wp\/v2\/product\/847\/revisions"}],"predecessor-version":[{"id":851,"href":"https:\/\/www.vtpo.fr\/index.php\/wp-json\/wp\/v2\/product\/847\/revisions\/851"}],"wp:featuredmedia":[{"embeddable":true,"href":"https:\/\/www.vtpo.fr\/index.php\/wp-json\/wp\/v2\/media\/850"}],"wp:attachment":[{"href":"https:\/\/www.vtpo.fr\/index.php\/wp-json\/wp\/v2\/media?parent=847"}],"wp:term":[{"taxonomy":"product_brand","embeddable":true,"href":"https:\/\/www.vtpo.fr\/index.php\/wp-json\/wp\/v2\/product_brand?post=847"},{"taxonomy":"product_cat","embeddable":true,"href":"https:\/\/www.vtpo.fr\/index.php\/wp-json\/wp\/v2\/product_cat?post=847"},{"taxonomy":"product_tag","embeddable":true,"href":"https:\/\/www.vtpo.fr\/index.php\/wp-json\/wp\/v2\/product_tag?post=847"}],"curies":[{"name":"wp","href":"https:\/\/api.w.org\/{rel}","templated":true}]}}