{"id":852,"date":"2025-03-27T13:01:08","date_gmt":"2025-03-27T12:01:08","guid":{"rendered":"https:\/\/www.vtpo.fr\/?post_type=product&#038;p=852"},"modified":"2025-03-27T15:07:50","modified_gmt":"2025-03-27T14:07:50","slug":"tote-bag-cotton-butter","status":"publish","type":"product","link":"https:\/\/www.vtpo.fr\/index.php\/produit\/tote-bag-cotton-butter\/","title":{"rendered":"TOTE BAG COTTON BUTTER"},"content":{"rendered":"<p>100% coton biologique. Certifi\u00e9 GOTS*.<br \/>\n<strong>Fabriqu\u00e9 en Inde<\/strong><\/p>\n<p>Longueur : 39 cm<br \/>\nLargeur : 43 cm<br \/>\nCoutures des anses renforc\u00e9es<\/p>\n<p>*GLOBAL ORGANIC TEXTILE STANDARDS<\/p>\n<p>Fiche produit relative aux qualit\u00e9s et caract\u00e9ristiques environnementales<br \/>\nTissage, Teinture et Confection : Inde<br \/>\nPochette 100% recycl\u00e9e et recyclable<\/p>\n","protected":false},"excerpt":{"rendered":"<p>Les totes bags VEJA sont fabriqu\u00e9s \u00e0 partir de coton biologique, certifi\u00e9 GOTS (Global Organic Textile Standard). Pour les maintenir en bon \u00e9tat et pr\u00e9server leur durabilit\u00e9, suivez ces conseils d&#8217;entretien :<\/p>\n<p>Retournez votre tote bag et placez-le dans un filet de lavage pour \u00e9viter les frottements excessifs en machine.<br \/>\nUtilisez une temp\u00e9rature basse pour \u00e9viter que le tissu ne r\u00e9tr\u00e9cisse et pr\u00e9server la couleur du tote bag. En cas de lavage \u00e0 la main, utilisez de l&#8217;eau froide et un savon doux (type savon de Marseille ou savon noir).<\/p>\n<p>Laissez s\u00e9cher \u00e0 l\u2019air libre, loin des sources de chaleur (comme le soleil ou les radiateurs), pour pr\u00e9venir la d\u00e9coloration.<\/p>\n<p><u>Service cordonnerie<\/p>\n<p><\/u>Les cordonneries VEJA proposent un service de r\u00e9paration et de nettoyage de vos paires. Retrouvez toutes les informations sur la page points de vente.<\/p>\n<p>Si vous avez le moindre doute, n\u02bch\u00e9sitez pas \u00e0 contacter le Service Client via le formulaire de contact.<\/p>\n","protected":false},"featured_media":855,"template":"","meta":[],"product_brand":[],"product_cat":[23,22],"product_tag":[],"class_list":{"0":"post-852","1":"product","2":"type-product","3":"status-publish","4":"has-post-thumbnail","6":"product_cat-vegan","7":"product_cat-accessoires","9":"first","10":"instock","11":"shipping-taxable","12":"purchasable","13":"product-type-simple"},"_links":{"self":[{"href":"https:\/\/www.vtpo.fr\/index.php\/wp-json\/wp\/v2\/product\/852","targetHints":{"allow":["GET"]}}],"collection":[{"href":"https:\/\/www.vtpo.fr\/index.php\/wp-json\/wp\/v2\/product"}],"about":[{"href":"https:\/\/www.vtpo.fr\/index.php\/wp-json\/wp\/v2\/types\/product"}],"version-history":[{"count":1,"href":"https:\/\/www.vtpo.fr\/index.php\/wp-json\/wp\/v2\/product\/852\/revisions"}],"predecessor-version":[{"id":856,"href":"https:\/\/www.vtpo.fr\/index.php\/wp-json\/wp\/v2\/product\/852\/revisions\/856"}],"wp:featuredmedia":[{"embeddable":true,"href":"https:\/\/www.vtpo.fr\/index.php\/wp-json\/wp\/v2\/media\/855"}],"wp:attachment":[{"href":"https:\/\/www.vtpo.fr\/index.php\/wp-json\/wp\/v2\/media?parent=852"}],"wp:term":[{"taxonomy":"product_brand","embeddable":true,"href":"https:\/\/www.vtpo.fr\/index.php\/wp-json\/wp\/v2\/product_brand?post=852"},{"taxonomy":"product_cat","embeddable":true,"href":"https:\/\/www.vtpo.fr\/index.php\/wp-json\/wp\/v2\/product_cat?post=852"},{"taxonomy":"product_tag","embeddable":true,"href":"https:\/\/www.vtpo.fr\/index.php\/wp-json\/wp\/v2\/product_tag?post=852"}],"curies":[{"name":"wp","href":"https:\/\/api.w.org\/{rel}","templated":true}]}}