{"id":857,"date":"2025-03-27T13:04:24","date_gmt":"2025-03-27T12:04:24","guid":{"rendered":"https:\/\/www.vtpo.fr\/?post_type=product&#038;p=857"},"modified":"2025-03-27T17:39:20","modified_gmt":"2025-03-27T16:39:20","slug":"laces-organic-cotton-pierre","status":"publish","type":"product","link":"https:\/\/www.vtpo.fr\/index.php\/produit\/laces-organic-cotton-pierre\/","title":{"rendered":"LACES ORGANIC COTTON PIERRE"},"content":{"rendered":"<p>Lacets 100% coton biologique. Certifi\u00e9 GOTS*.<br \/>\n<strong>Fabriqu\u00e9 au Br\u00e9sil<\/strong><\/p>\n<p><u>Tailles :<\/u><br \/>\n<strong>35 &#8211; 38 (S) :<\/strong>\u00a0125 cm<br \/>\n<strong>39 &#8211; 42 (M) :<\/strong>\u00a0135 cm<br \/>\n<strong>43 &#8211; 46 (L) :<\/strong>\u00a0145 cm<\/p>\n<p>Vendus par paire.<\/p>\n<p><em>Conviennent pour tous les mod\u00e8les sauf Running, Venturi, Nova HT et Roraima.<\/em><\/p>\n<p>*GLOBAL ORGANIC TEXTILE STANDARDS<\/p>\n<p>Le coton est cultiv\u00e9 au Br\u00e9sil et au P\u00e9rou par des associations respectueuses de l\u2019homme et de l\u2019environnement, selon les principes du commerce \u00e9quitable. Au Br\u00e9sil, le coton est biologique et agro\u00e9cologique, une agriculture qui enrichit la terre apr\u00e8s qu\u2019elle ait \u00e9t\u00e9 cultiv\u00e9e en valorisant la diversit\u00e9 des cultures et la r\u00e9tention d\u2019eau dans les sols. Au P\u00e9rou, les agriculteurs cultivent du coton certifi\u00e9 biologique et r\u00e9g\u00e9n\u00e9ratif. Ils sont accompagn\u00e9s dans leur processus de certification et b\u00e9n\u00e9ficient d\u2019un soutien technique et financier pour am\u00e9liorer leur production.<\/p>\n<p>Fiche produit relative aux qualit\u00e9s et caract\u00e9ristiques environnementales<br \/>\nTissage : P\u00e9rou<br \/>\nTeinture et Confection : Br\u00e9sil<\/p>\n<p><strong>Livraisons et retours<\/strong><\/p>\n<p>Offerts \u00e0 partir de 65\u20ac<br \/>\nLivraison \u00e0 domicile : 3 \u00e0 7 jours<br \/>\nLivraison Point Relais : 3 \u00e0 5 jours<br \/>\nLivraison Express : 2 \u00e0 5 jours<br \/>\nLivraison du lundi au samedi (hors jours f\u00e9ri\u00e9s), \u00e0 compter de la r\u00e9ception de l&#8217;e-mail de confirmation de commande.<br \/>\nVous disposez de 28 jours \u00e0 compter de la date de livraison pour retourner votre achat.<br \/>\nEn savoir plus sur les d\u00e9lais de livraison et la politique de retour.<\/p>\n","protected":false},"excerpt":{"rendered":"<p>Les lacets VEJA sont fabriqu\u00e9s \u00e0 partir de coton biologique et agro\u00e9cologique certifi\u00e9s GOTS (Global Organic Textile Standard). Pour les maintenir en bon \u00e9tat et pr\u00e9server leur durabilit\u00e9, suivez ces conseils d&#8217;entretien :<\/p>\n<p>Essuyez les lacets avec un chiffon humide ou de l&#8217;eau savonneuse douce (savon de Marseille ou savon noir) pour retirer la salet\u00e9. Pour les lacets blanc et cr\u00e8me; faites-les tremper dans de l&#8217;eau claire avec du bicarbonate de soude ou du vinaigre blanc.<\/p>\n<p>Placez les lacets dans un filet de lavage pour \u00e9viter les frottements excessifs en machine. Utilisez une temp\u00e9rature basse pour \u00e9viter que le tissu ne r\u00e9tr\u00e9cisse et pr\u00e9server la couleur.<\/p>\n<p>Laissez s\u00e9cher \u00e0 l\u2019air libre, loin des sources de chaleur (comme le soleil ou les radiateurs), pour pr\u00e9venir la d\u00e9coloration.<\/p>\n<p><u>Service cordonnerie<\/u><\/p>\n<p>Les cordonneries VEJA proposent un service de r\u00e9paration et de nettoyage de vos paires. Retrouvez toutes les informations sur la page points de vente.<\/p>\n<p>Si vous avez le moindre doute, n\u02bch\u00e9sitez pas \u00e0 contacter le Service Client via le formulaire de contact.<\/p>\n","protected":false},"featured_media":860,"template":"","meta":[],"product_brand":[],"product_cat":[31,23,19,20,21,22],"product_tag":[],"class_list":{"0":"post-857","1":"product","2":"type-product","3":"status-publish","4":"has-post-thumbnail","6":"product_cat-nouveaux-produits","7":"product_cat-vegan","8":"product_cat-homme","9":"product_cat-femme","10":"product_cat-enfant","11":"product_cat-accessoires","13":"first","14":"instock","15":"shipping-taxable","16":"purchasable","17":"product-type-variable"},"_links":{"self":[{"href":"https:\/\/www.vtpo.fr\/index.php\/wp-json\/wp\/v2\/product\/857","targetHints":{"allow":["GET"]}}],"collection":[{"href":"https:\/\/www.vtpo.fr\/index.php\/wp-json\/wp\/v2\/product"}],"about":[{"href":"https:\/\/www.vtpo.fr\/index.php\/wp-json\/wp\/v2\/types\/product"}],"version-history":[{"count":2,"href":"https:\/\/www.vtpo.fr\/index.php\/wp-json\/wp\/v2\/product\/857\/revisions"}],"predecessor-version":[{"id":973,"href":"https:\/\/www.vtpo.fr\/index.php\/wp-json\/wp\/v2\/product\/857\/revisions\/973"}],"wp:featuredmedia":[{"embeddable":true,"href":"https:\/\/www.vtpo.fr\/index.php\/wp-json\/wp\/v2\/media\/860"}],"wp:attachment":[{"href":"https:\/\/www.vtpo.fr\/index.php\/wp-json\/wp\/v2\/media?parent=857"}],"wp:term":[{"taxonomy":"product_brand","embeddable":true,"href":"https:\/\/www.vtpo.fr\/index.php\/wp-json\/wp\/v2\/product_brand?post=857"},{"taxonomy":"product_cat","embeddable":true,"href":"https:\/\/www.vtpo.fr\/index.php\/wp-json\/wp\/v2\/product_cat?post=857"},{"taxonomy":"product_tag","embeddable":true,"href":"https:\/\/www.vtpo.fr\/index.php\/wp-json\/wp\/v2\/product_tag?post=857"}],"curies":[{"name":"wp","href":"https:\/\/api.w.org\/{rel}","templated":true}]}}