{"id":862,"date":"2025-03-27T13:06:45","date_gmt":"2025-03-27T12:06:45","guid":{"rendered":"https:\/\/www.vtpo.fr\/?post_type=product&#038;p=862"},"modified":"2025-03-27T15:07:35","modified_gmt":"2025-03-27T14:07:35","slug":"sneaker-care-kit-veja-x-act-of-caring","status":"publish","type":"product","link":"https:\/\/www.vtpo.fr\/index.php\/produit\/sneaker-care-kit-veja-x-act-of-caring\/","title":{"rendered":"SNEAKER CARE KIT VEJA X ACT OF CARING"},"content":{"rendered":"<p>VEJA et Act of Caring (AOC) proposent un kit complet pour prendre soin de vos objets pr\u00e9cieux tels que des baskets, vestes, sacs ou objets favoris en cuir et cuir vegan.<\/p>\n<p>&#8211;\u00a0<strong>Nettoyant R\u00e9parateur pour Cuir<\/strong>, parfum naturel (75 ml)<br \/>\n&#8211;\u00a0<strong>Baume Protecteur pour Cuir<\/strong>, parfum\u00e9 \u00e0 la Bergamote, Clou de Girofle et Bois de C\u00e8dre (30 ml)<br \/>\n&#8211;\u00a0<strong>\u00c9ponge \u00c9cologique<\/strong><br \/>\n&#8211;\u00a0<strong>Chiffon en Coton Recycl\u00e9<\/strong><br \/>\n&#8211;\u00a0<strong>Brosse de Nettoyage<\/strong><\/p>\n<p>Carton fabriqu\u00e9 \u00e0 partir de papier recycl\u00e9.<\/p>\n<p>Emballage fabriqu\u00e9 \u00e0 partir de papier recycl\u00e9.<\/p>\n","protected":false},"excerpt":{"rendered":"<p>Comment utiliser les produits d&#8217;entretien Act of Caring ?<\/p>\n<p>&#8211; Brossez la surface \u00e0 sec avec une brosse pour enlever la salet\u00e9<br \/>\n&#8211; Nettoyez la surface en ajoutant quelques pompes de nettoyant r\u00e9parateur sur la brosse humide et faites mousser. Frottez de la pointe au talon<br \/>\n&#8211; Appliquez un baume pour cuir en mouvements circulaires sur la sneaker nettoy\u00e9e et s\u00e8che, \u00e0 l&#8217;aide d&#8217;une \u00e9ponge<br \/>\n&#8211; Polissez avec un chiffon en coton pour enlever l&#8217;exc\u00e8s et faire briller<\/p>\n<p>Le Baume protecteur convient \u00e0 tous types de cuir, y compris le cuir vegan, sauf le nubuck et le su\u00e8de.<\/p>\n<p>Le Nettoyant r\u00e9parateur est aussi adapt\u00e9 \u00e0 tous types de cuir, y compris le cuir vegan, mais doit \u00eatre utilis\u00e9 avec pr\u00e9caution sur les mat\u00e9riaux d\u00e9licats comme le cuir peint, le su\u00e8de, la toile ou le mesh, en \u00e9vitant un exc\u00e8s d&#8217;eau.<\/p>\n<p><u>Service cordonnerie<\/p>\n<p><\/u>Les cordonneries VEJA proposent un service de r\u00e9paration et de nettoyage de vos paires. Retrouvez toutes les informations sur la page points de vente.<\/p>\n<p>Si vous avez le moindre doute, n\u02bch\u00e9sitez pas \u00e0 contacter le Service Client via le formulaire de contact.<\/p>\n","protected":false},"featured_media":865,"template":"","meta":[],"product_brand":[],"product_cat":[22],"product_tag":[],"class_list":{"0":"post-862","1":"product","2":"type-product","3":"status-publish","4":"has-post-thumbnail","6":"product_cat-accessoires","8":"first","9":"instock","10":"shipping-taxable","11":"purchasable","12":"product-type-simple"},"_links":{"self":[{"href":"https:\/\/www.vtpo.fr\/index.php\/wp-json\/wp\/v2\/product\/862","targetHints":{"allow":["GET"]}}],"collection":[{"href":"https:\/\/www.vtpo.fr\/index.php\/wp-json\/wp\/v2\/product"}],"about":[{"href":"https:\/\/www.vtpo.fr\/index.php\/wp-json\/wp\/v2\/types\/product"}],"version-history":[{"count":1,"href":"https:\/\/www.vtpo.fr\/index.php\/wp-json\/wp\/v2\/product\/862\/revisions"}],"predecessor-version":[{"id":866,"href":"https:\/\/www.vtpo.fr\/index.php\/wp-json\/wp\/v2\/product\/862\/revisions\/866"}],"wp:featuredmedia":[{"embeddable":true,"href":"https:\/\/www.vtpo.fr\/index.php\/wp-json\/wp\/v2\/media\/865"}],"wp:attachment":[{"href":"https:\/\/www.vtpo.fr\/index.php\/wp-json\/wp\/v2\/media?parent=862"}],"wp:term":[{"taxonomy":"product_brand","embeddable":true,"href":"https:\/\/www.vtpo.fr\/index.php\/wp-json\/wp\/v2\/product_brand?post=862"},{"taxonomy":"product_cat","embeddable":true,"href":"https:\/\/www.vtpo.fr\/index.php\/wp-json\/wp\/v2\/product_cat?post=862"},{"taxonomy":"product_tag","embeddable":true,"href":"https:\/\/www.vtpo.fr\/index.php\/wp-json\/wp\/v2\/product_tag?post=862"}],"curies":[{"name":"wp","href":"https:\/\/api.w.org\/{rel}","templated":true}]}}