{"id":872,"date":"2025-03-27T13:12:54","date_gmt":"2025-03-27T12:12:54","guid":{"rendered":"https:\/\/www.vtpo.fr\/?post_type=product&#038;p=872"},"modified":"2025-03-27T17:36:29","modified_gmt":"2025-03-27T16:36:29","slug":"canary-elastic-laces-alveomesh-gravel-brittany","status":"publish","type":"product","link":"https:\/\/www.vtpo.fr\/index.php\/produit\/canary-elastic-laces-alveomesh-gravel-brittany\/","title":{"rendered":"CANARY ELASTIC LACES ALVEOMESH GRAVEL BRITTANY"},"content":{"rendered":"<p><strong><span style=\"vertical-align: inherit;\"><span style=\"vertical-align: inherit;\">Tige<\/span><\/span><\/strong><span style=\"vertical-align: inherit;\"><span style=\"vertical-align: inherit;\"> \u00a0: Alveomesh (100% polyester recycl\u00e9) <\/span><\/span><br \/>\n<strong><span style=\"vertical-align: inherit;\"><span style=\"vertical-align: inherit;\">Empi\u00e8cements<\/span><\/span><\/strong><span style=\"vertical-align: inherit;\"><span style=\"vertical-align: inherit;\"> \u00a0: TPU <\/span><\/span><br \/>\n<strong><span style=\"vertical-align: inherit;\"><span style=\"vertical-align: inherit;\">Logo V<\/span><\/span><\/strong><span style=\"vertical-align: inherit;\"><span style=\"vertical-align: inherit;\"> \u00a0: TPU <\/span><\/span><br \/>\n<strong><span style=\"vertical-align: inherit;\"><span style=\"vertical-align: inherit;\">Semelle int\u00e9rieure<\/span><\/span><\/strong><span style=\"vertical-align: inherit;\"><span style=\"vertical-align: inherit;\"> \u00a0: EVA bio-sourc\u00e9 (85%, dont 44% canne \u00e0 sucre) et autres (15%) <\/span><\/span><br \/>\n<strong><span style=\"vertical-align: inherit;\"><span style=\"vertical-align: inherit;\">Semelle interm\u00e9diaire<\/span><\/span><\/strong><span style=\"vertical-align: inherit;\"><span style=\"vertical-align: inherit;\"> \u00a0: EVA bio-sourc\u00e9 (54%, dont 38% canne \u00e0 sucre), caoutchouc recycl\u00e9 (15%) et autres (31%) <\/span><\/span><br \/>\n<strong><span style=\"vertical-align: inherit;\"><span style=\"vertical-align: inherit;\">Semelle ext\u00e9rieure<\/span><\/span><\/strong><span style=\"vertical-align: inherit;\"><span style=\"vertical-align: inherit;\"> \u00a0: Caoutchouc d&#8217;Amazonie (31%), silice min\u00e9rale (24%), caoutchouc synth\u00e9tique (27%), pigments (1%) et autres (17%) <\/span><\/span><br \/>\n<strong><span style=\"vertical-align: inherit;\"><span style=\"vertical-align: inherit;\">Doublure<\/span><\/span><\/strong><span style=\"vertical-align: inherit;\"><span style=\"vertical-align: inherit;\"> \u00a0: Polyester recycl\u00e9 (100%) <\/span><\/span><br \/>\n<strong><span style=\"vertical-align: inherit;\"><span style=\"vertical-align: inherit;\">Boucle arri\u00e8re<\/span><\/span><\/strong><span style=\"vertical-align: inherit;\"><span style=\"vertical-align: inherit;\"> \u00a0: Polyester recycl\u00e9 (100%) <\/span><\/span><br \/>\n<strong><span style=\"vertical-align: inherit;\"><span style=\"vertical-align: inherit;\">Lacets<\/span><\/span><\/strong><span style=\"vertical-align: inherit;\"><span style=\"vertical-align: inherit;\"> \u00a0: \u00c9lastiques &#8211; polyester recycl\u00e9 (60%) et caoutchouc synth\u00e9tique (40%) <\/span><\/span><br \/>\n<b><span style=\"vertical-align: inherit;\"><span style=\"vertical-align: inherit;\">Fabriqu\u00e9 au Br\u00e9sil<\/span><\/span><\/b><\/p>\n<p><span style=\"vertical-align: inherit;\"><span style=\"vertical-align: inherit;\">L&#8217;Alveomesh est un tissu technique fabriqu\u00e9 exclusivement \u00e0 partir de polyester recycl\u00e9. Il apporte respirabilit\u00e9, souplesse et l\u00e9g\u00e8ret\u00e9 \u00e0 la chaussure.<\/span><\/span><\/p>\n<p><span style=\"vertical-align: inherit;\"><span style=\"vertical-align: inherit;\">Fiche produit relative aux qualit\u00e9s et caract\u00e9ristiques environnementales : <\/span><\/span><br \/>\n<span style=\"vertical-align: inherit;\"><span style=\"vertical-align: inherit;\">Piquage, montage et finition : Br\u00e9sil <\/span><\/span><br \/>\n<span style=\"vertical-align: inherit;\"><span style=\"vertical-align: inherit;\">Produit comportant au moins 21% de mati\u00e8res recycl\u00e9es <\/span><\/span><br \/>\n<span style=\"vertical-align: inherit;\"><span style=\"vertical-align: inherit;\">Bo\u00eete \u00e0 chaussure (certifi\u00e9e FSC\u2122) et emballage compos\u00e9 d&#8217;au moins 70% de mati\u00e8res recycl\u00e9es, recyclables et r\u00e9employables <\/span><\/span><br \/>\n<span style=\"vertical-align: inherit;\"><span style=\"vertical-align: inherit;\">Pochette 100% recycl\u00e9e et recyclable<\/span><\/span><\/p>\n<p><strong>Livraisons et retours<\/strong><\/p>\n<div id=\"accordion-pdp-content-shipping-return\" class=\"accordion-content\" role=\"region\" aria-labelledby=\"accordion-pdp-shipping-return\" aria-hidden=\"false\">\n<div class=\"content-wrapper\">\n<p>Offerts \u00e0 partir de 65\u20ac<\/p>\n<p>Livraison \u00e0 domicile : 3 \u00e0 7 jours<\/p>\n<p>Livraison Point Relais : 3 \u00e0 5 jours<\/p>\n<p>Livraison Express : 2 \u00e0 5 jours<\/p>\n<p>&nbsp;<\/p>\n<p>Livraison du lundi au samedi (hors jours f\u00e9ri\u00e9s), \u00e0 compter de la r\u00e9ception de l&#8217;e-mail de confirmation de commande.<\/p>\n<p>Vous disposez de 28 jours \u00e0 compter de la date de livraison pour retourner votre achat.<\/p>\n<\/div>\n<\/div>\n","protected":false},"excerpt":{"rendered":"<p><span style=\"vertical-align: inherit;\"><span style=\"vertical-align: inherit;\">L&#8217;usage de la machine \u00e0 laver est fortement d\u00e9conseill\u00e9 pour ne pas alt\u00e9rer les propri\u00e9t\u00e9s des diff\u00e9rents mat\u00e9riaux.<\/span><\/span><\/p>\n<p><span style=\"vertical-align: inherit;\"><span style=\"vertical-align: inherit;\">&#8211; Imperm\u00e9abilisez vos chaussures \u00e0 l&#8217;aide d&#8217;un produit adapt\u00e9 \u00e0 la mati\u00e8re. R\u00e9it\u00e9rez cette op\u00e9ration tous les 3 \u00e0 6 mois.<\/span><\/span><\/p>\n<p><span style=\"vertical-align: inherit;\"><span style=\"vertical-align: inherit;\">&#8211; Entretenez le cuir lisse de vos chaussures avec un chiffon humide et avec un produit sp\u00e9cifique en spray. Terminez en appliquant un baume protecteur. R\u00e9it\u00e9rez cette op\u00e9ration tous les 3 mois en fonction de l&#8217;\u00e9tat de vos chaussures.<\/span><\/span><\/p>\n<p><span style=\"vertical-align: inherit;\"><span style=\"vertical-align: inherit;\">&#8211; Laissez s\u00e9cher \u00e0 l&#8217;air libre, loin des sources de chaleur (comme le soleil ou les radiateurs), pour pr\u00e9venir la fabrication.<\/span><\/span><\/p>\n<p><u><span style=\"vertical-align: inherit;\"><span style=\"vertical-align: inherit;\">Service cordonnerie<\/span><\/span><\/u><\/p>\n<p><span style=\"vertical-align: inherit;\"><span style=\"vertical-align: inherit;\">Les cordonneries VEJA proposent un service de r\u00e9paration et de nettoyage de vos chaussures. Retrouvez tous les d\u00e9tails sur la page points de vente.<\/span><\/span><\/p>\n<p><span style=\"vertical-align: inherit;\"><span style=\"vertical-align: inherit;\">Si vous avez la moindre question, n\u02bch\u00e9sitez pas \u00e0 contacter le Service Client via le formulaire de contact.<\/span><\/span><\/p>\n","protected":false},"featured_media":876,"template":"","meta":[],"product_brand":[],"product_cat":[24,21],"product_tag":[],"class_list":{"0":"post-872","1":"product","2":"type-product","3":"status-publish","4":"has-post-thumbnail","6":"product_cat-running","7":"product_cat-enfant","9":"first","10":"instock","11":"shipping-taxable","12":"purchasable","13":"product-type-variable"},"_links":{"self":[{"href":"https:\/\/www.vtpo.fr\/index.php\/wp-json\/wp\/v2\/product\/872","targetHints":{"allow":["GET"]}}],"collection":[{"href":"https:\/\/www.vtpo.fr\/index.php\/wp-json\/wp\/v2\/product"}],"about":[{"href":"https:\/\/www.vtpo.fr\/index.php\/wp-json\/wp\/v2\/types\/product"}],"version-history":[{"count":4,"href":"https:\/\/www.vtpo.fr\/index.php\/wp-json\/wp\/v2\/product\/872\/revisions"}],"predecessor-version":[{"id":962,"href":"https:\/\/www.vtpo.fr\/index.php\/wp-json\/wp\/v2\/product\/872\/revisions\/962"}],"wp:featuredmedia":[{"embeddable":true,"href":"https:\/\/www.vtpo.fr\/index.php\/wp-json\/wp\/v2\/media\/876"}],"wp:attachment":[{"href":"https:\/\/www.vtpo.fr\/index.php\/wp-json\/wp\/v2\/media?parent=872"}],"wp:term":[{"taxonomy":"product_brand","embeddable":true,"href":"https:\/\/www.vtpo.fr\/index.php\/wp-json\/wp\/v2\/product_brand?post=872"},{"taxonomy":"product_cat","embeddable":true,"href":"https:\/\/www.vtpo.fr\/index.php\/wp-json\/wp\/v2\/product_cat?post=872"},{"taxonomy":"product_tag","embeddable":true,"href":"https:\/\/www.vtpo.fr\/index.php\/wp-json\/wp\/v2\/product_tag?post=872"}],"curies":[{"name":"wp","href":"https:\/\/api.w.org\/{rel}","templated":true}]}}