{"id":878,"date":"2025-03-27T13:19:04","date_gmt":"2025-03-27T12:19:04","guid":{"rendered":"https:\/\/www.vtpo.fr\/?post_type=product&#038;p=878"},"modified":"2025-03-27T17:34:57","modified_gmt":"2025-03-27T16:34:57","slug":"baby-suede-clay-pierre","status":"publish","type":"product","link":"https:\/\/www.vtpo.fr\/index.php\/produit\/baby-suede-clay-pierre\/","title":{"rendered":"BABY SUEDE CLAY PIERRE"},"content":{"rendered":"<p><strong>Tige<\/strong>\u00a0: Su\u00e8de<br \/>\n<strong>Logo V<\/strong>\u00a0: Impression s\u00e9rigraphie<br \/>\n<strong>Semelle int\u00e9rieure<\/strong>\u00a0: Polyester recycl\u00e9 (66%) et autres (34%)<br \/>\n<strong>Semelle ext\u00e9rieure<\/strong>\u00a0: Su\u00e8de<br \/>\n<strong>Doublure<\/strong>\u00a0: Polyester recycl\u00e9 (100%)<br \/>\n<strong>Lacets<\/strong>\u00a0: Coton (53%) et polyester (47%)<br \/>\n<b>Fabriqu\u00e9 au Br\u00e9sil<\/b><\/p>\n<p>Le su\u00e8de est l\u2019envers du cuir, ponc\u00e9 pour obtenir un aspect doux et souple. Il provient de fermes situ\u00e9es dans le Rio Grande do Sul et est tann\u00e9 au Br\u00e9sil sans produits chimiques dangereux ou interdits. VEJA utilise des teintures conformes aux r\u00e9glementations tout en adoptant une utilisation raisonn\u00e9e de l\u2019eau durant le processus de tannage. Ce su\u00e8de est ensuite enduit d\u2019huiles hydrofuges sans PFC (compos\u00e9s chimiques) pour prot\u00e9ger les baskets contre la pluie fine.<\/p>\n<p>Fiche produit relative aux qualit\u00e9s et caract\u00e9ristiques environnementales :<br \/>\nPiquage, montage et finition : Br\u00e9sil<br \/>\nBo\u00eete \u00e0 chaussure (certifi\u00e9e FSC\u2122) et emballage compos\u00e9 d&#8217;au moins 70% de mati\u00e8res recycl\u00e9es, recyclable et r\u00e9employable<br \/>\nPochette 100% recycl\u00e9e et recyclable<\/p>\n<p><strong>Livraisons et retours<\/strong><\/p>\n<div id=\"accordion-pdp-content-shipping-return\" class=\"accordion-content\" role=\"region\" aria-labelledby=\"accordion-pdp-shipping-return\" aria-hidden=\"false\">\n<div class=\"content-wrapper\">\n<p>Offerts \u00e0 partir de 65\u20ac<\/p>\n<p>Livraison \u00e0 domicile : 3 \u00e0 7 jours<\/p>\n<p>Livraison Point Relais : 3 \u00e0 5 jours<\/p>\n<p>Livraison Express : 2 \u00e0 5 jours<\/p>\n<p>&nbsp;<\/p>\n<p>Livraison du lundi au samedi (hors jours f\u00e9ri\u00e9s), \u00e0 compter de la r\u00e9ception de l&#8217;e-mail de confirmation de commande.<\/p>\n<p>Vous disposez de 28 jours \u00e0 compter de la date de livraison pour retourner votre achat.<\/p>\n<\/div>\n<\/div>\n","protected":false},"excerpt":{"rendered":"<p>L&#8217;usage de la machine \u00e0 laver est fortement d\u00e9conseill\u00e9 pour ne pas alt\u00e9rer les propri\u00e9t\u00e9s des diff\u00e9rents mat\u00e9riaux.<\/p>\n<p>&#8211; Imperm\u00e9abilisez vos chaussures \u00e0 l&#8217;aide d&#8217;un produit adapt\u00e9 \u00e0 la mati\u00e8re. R\u00e9it\u00e9rez cette op\u00e9ration tous les 3 \u00e0 6 mois.<\/p>\n<p>&#8211; Entretenez le cuir nubuck\/su\u00e8de par un brossage et nettoyage \u00e0 sec. Terminez en appliquant un produit hydratant et r\u00e9novateur adapt\u00e9.<\/p>\n<p>&#8211; Laissez s\u00e9cher \u00e0 l\u2019air libre, loin des sources de chaleur (comme le soleil ou les radiateurs), pour pr\u00e9venir la d\u00e9coloration.<\/p>\n<p><u>VEJA Repair<\/u><\/p>\n<p>Les cordonneries VEJA proposent un service de r\u00e9paration et de nettoyage de vos chaussures. Retrouvez toutes les d\u00e9tails sur la page points de vente.<\/p>\n<p>Si vous avez la moindre question, n\u02bch\u00e9sitez pas \u00e0 contacter le Service Client via le formulaire de contact.<\/p>\n","protected":false},"featured_media":881,"template":"","meta":[],"product_brand":[],"product_cat":[31,21],"product_tag":[],"class_list":{"0":"post-878","1":"product","2":"type-product","3":"status-publish","4":"has-post-thumbnail","6":"product_cat-nouveaux-produits","7":"product_cat-enfant","9":"first","10":"instock","11":"shipping-taxable","12":"purchasable","13":"product-type-variable"},"_links":{"self":[{"href":"https:\/\/www.vtpo.fr\/index.php\/wp-json\/wp\/v2\/product\/878","targetHints":{"allow":["GET"]}}],"collection":[{"href":"https:\/\/www.vtpo.fr\/index.php\/wp-json\/wp\/v2\/product"}],"about":[{"href":"https:\/\/www.vtpo.fr\/index.php\/wp-json\/wp\/v2\/types\/product"}],"version-history":[{"count":2,"href":"https:\/\/www.vtpo.fr\/index.php\/wp-json\/wp\/v2\/product\/878\/revisions"}],"predecessor-version":[{"id":955,"href":"https:\/\/www.vtpo.fr\/index.php\/wp-json\/wp\/v2\/product\/878\/revisions\/955"}],"wp:featuredmedia":[{"embeddable":true,"href":"https:\/\/www.vtpo.fr\/index.php\/wp-json\/wp\/v2\/media\/881"}],"wp:attachment":[{"href":"https:\/\/www.vtpo.fr\/index.php\/wp-json\/wp\/v2\/media?parent=878"}],"wp:term":[{"taxonomy":"product_brand","embeddable":true,"href":"https:\/\/www.vtpo.fr\/index.php\/wp-json\/wp\/v2\/product_brand?post=878"},{"taxonomy":"product_cat","embeddable":true,"href":"https:\/\/www.vtpo.fr\/index.php\/wp-json\/wp\/v2\/product_cat?post=878"},{"taxonomy":"product_tag","embeddable":true,"href":"https:\/\/www.vtpo.fr\/index.php\/wp-json\/wp\/v2\/product_tag?post=878"}],"curies":[{"name":"wp","href":"https:\/\/api.w.org\/{rel}","templated":true}]}}