{"id":883,"date":"2025-03-27T13:23:14","date_gmt":"2025-03-27T12:23:14","guid":{"rendered":"https:\/\/www.vtpo.fr\/?post_type=product&#038;p=883"},"modified":"2025-03-27T15:39:14","modified_gmt":"2025-03-27T14:39:14","slug":"condor-3-advanced-veja-x-cesar-villalba-areia-cashew-ouro","status":"publish","type":"product","link":"https:\/\/www.vtpo.fr\/index.php\/produit\/condor-3-advanced-veja-x-cesar-villalba-areia-cashew-ouro\/","title":{"rendered":"CONDOR 3 ADVANCED VEJA X CESAR VILLALBA AREIA CASHEW OURO"},"content":{"rendered":"<p>VEJA et Cesar Villalba &#8211; athl\u00e8te et designer &#8211; s&#8217;associent pour leur premi\u00e8re collaboration.<\/p>\n<ul>\n<li><strong>Poids<\/strong>\u00a0: 276 g \/ 10 oz<\/li>\n<li><strong>Drop<\/strong>\u00a0: 8 mm<\/li>\n<li><strong>Profil de foul\u00e9e<\/strong>\u00a0: Neutre<\/li>\n<li><strong>Surface<\/strong>\u00a0: Route<\/li>\n<\/ul>\n<p><strong>Tige<\/strong>\u00a0: Ketten Engineered-Mesh (100% polyester recycl\u00e9)<br \/>\n<strong>Empi\u00e8cements<\/strong>\u00a0: T.P.U.<br \/>\n<strong>Logo V<\/strong>\u00a0: T.P.U.<br \/>\n<strong>Insert talon<\/strong>\u00a0: T.P.U.<br \/>\n<strong>Semelle int\u00e9rieure<\/strong>\u00a0: E.V.A. bio-sourc\u00e9 (65% dont 42% canne \u00e0 sucre), polyester recycl\u00e9 (23%) et autres (12%)<br \/>\n<strong>Semelle interm\u00e9diaire<\/strong>\u00a0: Expanded Rubber Technology &#8211; E.V.A. bio-sourc\u00e9 (43%, dont 31% canne \u00e0 sucre), caoutchouc d&#8217;Amazonie (27%) et autres (30%)<br \/>\n<strong>Semelle ext\u00e9rieure<\/strong>\u00a0: Caoutchouc d\u2019Amazonie (25%), silice min\u00e9rale (22%), caoutchouc synth\u00e9tique (25%) et autres (28%)<br \/>\n<strong>Doublure<\/strong>\u00a0: Polyester recycl\u00e9 (100%)<br \/>\n<strong>Lacets<\/strong>\u00a0: Polyester recycl\u00e9 (100%)<br \/>\n<b>Fabriqu\u00e9 au Br\u00e9sil<\/b><\/p>\n<p>Cette technique de maillage \u00ab Engineered-Mesh \u00bb permet un placement sur mesure des zones respirantes et des zones de maintien. La maille alterne points serr\u00e9s et points plus espac\u00e9s.<\/p>\n<p>Fiche produit relative aux qualit\u00e9s et caract\u00e9ristiques environnementales :<br \/>\nPiquage, montage et finition : Br\u00e9sil<br \/>\nProduit comportant au moins 16% de mati\u00e8res recycl\u00e9es<br \/>\nBo\u00eete \u00e0 chaussure (certifi\u00e9e FSC\u2122) et emballage compos\u00e9 d&#8217;au moins 70% de mati\u00e8res recycl\u00e9es, recyclable et r\u00e9employable<br \/>\nPochette 100% recycl\u00e9e et recyclable<\/p>\n<p><strong>Livraisons et retours<\/strong><\/p>\n<div id=\"accordion-pdp-content-shipping-return\" class=\"accordion-content\" role=\"region\" aria-labelledby=\"accordion-pdp-shipping-return\" aria-hidden=\"false\">\n<div class=\"content-wrapper\">\n<p>Offerts \u00e0 partir de 65\u20ac<\/p>\n<p>Livraison \u00e0 domicile : 3 \u00e0 7 jours<\/p>\n<p>Livraison Point Relais : 3 \u00e0 5 jours<\/p>\n<p>Livraison Express : 2 \u00e0 5 jours<\/p>\n<p>&nbsp;<\/p>\n<p>Livraison du lundi au samedi (hors jours f\u00e9ri\u00e9s), \u00e0 compter de la r\u00e9ception de l&#8217;e-mail de confirmation de commande.<\/p>\n<p>Vous disposez de 28 jours \u00e0 compter de la date de livraison pour retourner votre achat.<\/p>\n<\/div>\n<\/div>\n","protected":false},"excerpt":{"rendered":"<p>L&#8217;usage de la machine \u00e0 laver est fortement d\u00e9conseill\u00e9 pour ne pas alt\u00e9rer les propri\u00e9t\u00e9s des diff\u00e9rents mat\u00e9riaux.<\/p>\n<p>&#8211; Imperm\u00e9abilisez vos chaussures \u00e0 l&#8217;aide d&#8217;un produit adapt\u00e9 \u00e0 la mati\u00e8re. R\u00e9it\u00e9rez cette op\u00e9ration tous les 3 \u00e0 6 mois.<\/p>\n<p>&#8211; Brossez r\u00e9guli\u00e8rement votre paire avec de l&#8217;eau froide et un savon doux (type savon de Marseille ou savon noir)<\/p>\n<p>&#8211; Laissez s\u00e9cher \u00e0 l\u2019air libre, loin des sources de chaleur (comme le soleil ou les radiateurs), pour pr\u00e9venir la d\u00e9coloration.<\/p>\n<p><u>Service cordonnerie<\/u><\/p>\n<p>Les cordonneries VEJA proposent un service de r\u00e9paration et de nettoyage de vos chaussures. Retrouvez toutes les d\u00e9tails sur la page points de vente.<\/p>\n<p>Si vous avez la moindre question, n\u02bch\u00e9sitez pas \u00e0 contacter le Service Client via le formulaire de contact.<\/p>\n","protected":false},"featured_media":886,"template":"","meta":[],"product_brand":[],"product_cat":[31,23,24,25,19,20],"product_tag":[],"class_list":{"0":"post-883","1":"product","2":"type-product","3":"status-publish","4":"has-post-thumbnail","6":"product_cat-nouveaux-produits","7":"product_cat-vegan","8":"product_cat-running","9":"product_cat-outlet","10":"product_cat-homme","11":"product_cat-femme","13":"first","14":"instock","15":"sale","16":"shipping-taxable","17":"purchasable","18":"product-type-variable"},"_links":{"self":[{"href":"https:\/\/www.vtpo.fr\/index.php\/wp-json\/wp\/v2\/product\/883","targetHints":{"allow":["GET"]}}],"collection":[{"href":"https:\/\/www.vtpo.fr\/index.php\/wp-json\/wp\/v2\/product"}],"about":[{"href":"https:\/\/www.vtpo.fr\/index.php\/wp-json\/wp\/v2\/types\/product"}],"version-history":[{"count":3,"href":"https:\/\/www.vtpo.fr\/index.php\/wp-json\/wp\/v2\/product\/883\/revisions"}],"predecessor-version":[{"id":949,"href":"https:\/\/www.vtpo.fr\/index.php\/wp-json\/wp\/v2\/product\/883\/revisions\/949"}],"wp:featuredmedia":[{"embeddable":true,"href":"https:\/\/www.vtpo.fr\/index.php\/wp-json\/wp\/v2\/media\/886"}],"wp:attachment":[{"href":"https:\/\/www.vtpo.fr\/index.php\/wp-json\/wp\/v2\/media?parent=883"}],"wp:term":[{"taxonomy":"product_brand","embeddable":true,"href":"https:\/\/www.vtpo.fr\/index.php\/wp-json\/wp\/v2\/product_brand?post=883"},{"taxonomy":"product_cat","embeddable":true,"href":"https:\/\/www.vtpo.fr\/index.php\/wp-json\/wp\/v2\/product_cat?post=883"},{"taxonomy":"product_tag","embeddable":true,"href":"https:\/\/www.vtpo.fr\/index.php\/wp-json\/wp\/v2\/product_tag?post=883"}],"curies":[{"name":"wp","href":"https:\/\/api.w.org\/{rel}","templated":true}]}}