{"id":888,"date":"2025-03-27T13:30:03","date_gmt":"2025-03-27T12:30:03","guid":{"rendered":"https:\/\/www.vtpo.fr\/?post_type=product&#038;p=888"},"modified":"2025-03-27T15:28:24","modified_gmt":"2025-03-27T14:28:24","slug":"fitz-roy-alveomesh-veja-x-p-andrade-multico-grafite","status":"publish","type":"product","link":"https:\/\/www.vtpo.fr\/index.php\/produit\/fitz-roy-alveomesh-veja-x-p-andrade-multico-grafite\/","title":{"rendered":"FITZ ROY ALVEOMESH VEJA X P.ANDRADE MULTICO GRAFITE"},"content":{"rendered":"<p>VEJA lance sa collaboration avec P.Andrade, en r\u00e9imaginant la Fitz Roy, notre chaussure de hiking<\/p>\n<p><strong>Tige<\/strong>\u00a0: Alveomesh (100% polyester recycl\u00e9)<br \/>\n<strong>Empi\u00e8cements<\/strong>\u00a0: T.P.U.<br \/>\n<strong>Logo V<\/strong>\u00a0: T.P.U.<br \/>\n<strong>Semelle int\u00e9rieure<\/strong>\u00a0: E.V.A. bio-sourc\u00e9 (65% dont 42% canne \u00e0 sucre), polyester recycl\u00e9 (23%) et autres (12%)<br \/>\n<strong>Semelle interm\u00e9diaire<\/strong>\u00a0: E.V.A. bio-sourc\u00e9 (73%, dont 52% canne \u00e0 sucre), caoutchouc d\u2019Amazonie (3%) et autres (24%)<br \/>\n<strong>Semelle ext\u00e9rieure<\/strong>\u00a0: Caoutchouc d\u2019Amazonie (31%), silice min\u00e9rale (28%), caoutchouc synth\u00e9tique (23%) et autres (18%)<br \/>\n<strong>Doublure<\/strong>\u00a0: Polyester recycl\u00e9 (100%)<br \/>\n<strong>Insert talon<\/strong>\u00a0: T.P.U.<br \/>\n<strong>Boucle arri\u00e8re<\/strong>\u00a0: Polyester recycl\u00e9 (100%)<br \/>\n<strong>Rock-Plate<\/strong>\u00a0: E.V.A. d&#8217;origine biologique (100 %, dont 53 % de canne \u00e0 sucre)<br \/>\n<strong>Lacets<\/strong>\u00a0: Polyester recycl\u00e9 (100%)<br \/>\n<b>Fabriqu\u00e9 au Br\u00e9sil<\/b><\/p>\n<p>L\u2019Alveomesh est un tissu technique fabriqu\u00e9 exclusivement \u00e0 partir de polyester recycl\u00e9. Il apporte respirabilit\u00e9, souplesse et l\u00e9g\u00e8ret\u00e9 \u00e0 la chaussure.<\/p>\n<p>Fiche produit relative aux qualit\u00e9s et caract\u00e9ristiques environnementales<br \/>\n&#8211; Piquage, montage et finition : Br\u00e9sil<br \/>\n&#8211; Bo\u00eete \u00e0 chaussure (certifi\u00e9e FSC\u2122) et emballage compos\u00e9 d&#8217;au moins 60% de mati\u00e8res recycl\u00e9es, recyclable et r\u00e9employable<br \/>\n&#8211; Pochette 100% recycl\u00e9e et recyclable<\/p>\n<p>Offerts \u00e0 partir de 65\u20ac<br \/>\nLivraison \u00e0 domicile : 3 \u00e0 7 jours<br \/>\nLivraison Point Relais : 3 \u00e0 5 jours<br \/>\nLivraison Express : 2 \u00e0 5 jours<br \/>\nLivraison du lundi au samedi (hors jours f\u00e9ri\u00e9s), \u00e0 compter de la r\u00e9ception de l&#8217;e-mail de confirmation de commande.<br \/>\nVous disposez de 28 jours \u00e0 compter de la date de livraison pour retourner votre achat.<br \/>\nEn savoir plus sur les d\u00e9lais de livraison et la politique de retour.<\/p>\n","protected":false},"excerpt":{"rendered":"<p>L&#8217;usage de la machine \u00e0 laver est fortement d\u00e9conseill\u00e9 pour ne pas alt\u00e9rer les propri\u00e9t\u00e9s des diff\u00e9rents mat\u00e9riaux.<\/p>\n<p>&#8211; Imperm\u00e9abilisez vos chaussures \u00e0 l&#8217;aide d&#8217;un produit adapt\u00e9 \u00e0 la mati\u00e8re. R\u00e9it\u00e9rez cette op\u00e9ration tous les 3 \u00e0 6 mois.<\/p>\n<p>&#8211; Brossez r\u00e9guli\u00e8rement votre paire avec de l&#8217;eau froide et un savon doux (type savon de Marseille ou savon noir)<\/p>\n<p>&#8211; Laissez s\u00e9cher \u00e0 l\u2019air libre, loin des sources de chaleur (comme le soleil ou les radiateurs), pour pr\u00e9venir la d\u00e9coloration.<\/p>\n<p><u>Service cordonnerie<\/u><\/p>\n<p>Les cordonneries VEJA proposent un service de r\u00e9paration et de nettoyage de vos chaussures. Retrouvez toutes les d\u00e9tails sur la page points de vente.<\/p>\n<p>Si vous avez la moindre question, n\u02bch\u00e9sitez pas \u00e0 contacter le Service Client via le formulaire de contact.<\/p>\n","protected":false},"featured_media":891,"template":"","meta":[],"product_brand":[],"product_cat":[24,25,19,20],"product_tag":[],"class_list":{"0":"post-888","1":"product","2":"type-product","3":"status-publish","4":"has-post-thumbnail","6":"product_cat-running","7":"product_cat-outlet","8":"product_cat-homme","9":"product_cat-femme","11":"first","12":"instock","13":"sale","14":"shipping-taxable","15":"purchasable","16":"product-type-variable"},"_links":{"self":[{"href":"https:\/\/www.vtpo.fr\/index.php\/wp-json\/wp\/v2\/product\/888","targetHints":{"allow":["GET"]}}],"collection":[{"href":"https:\/\/www.vtpo.fr\/index.php\/wp-json\/wp\/v2\/product"}],"about":[{"href":"https:\/\/www.vtpo.fr\/index.php\/wp-json\/wp\/v2\/types\/product"}],"version-history":[{"count":5,"href":"https:\/\/www.vtpo.fr\/index.php\/wp-json\/wp\/v2\/product\/888\/revisions"}],"predecessor-version":[{"id":925,"href":"https:\/\/www.vtpo.fr\/index.php\/wp-json\/wp\/v2\/product\/888\/revisions\/925"}],"wp:featuredmedia":[{"embeddable":true,"href":"https:\/\/www.vtpo.fr\/index.php\/wp-json\/wp\/v2\/media\/891"}],"wp:attachment":[{"href":"https:\/\/www.vtpo.fr\/index.php\/wp-json\/wp\/v2\/media?parent=888"}],"wp:term":[{"taxonomy":"product_brand","embeddable":true,"href":"https:\/\/www.vtpo.fr\/index.php\/wp-json\/wp\/v2\/product_brand?post=888"},{"taxonomy":"product_cat","embeddable":true,"href":"https:\/\/www.vtpo.fr\/index.php\/wp-json\/wp\/v2\/product_cat?post=888"},{"taxonomy":"product_tag","embeddable":true,"href":"https:\/\/www.vtpo.fr\/index.php\/wp-json\/wp\/v2\/product_tag?post=888"}],"curies":[{"name":"wp","href":"https:\/\/api.w.org\/{rel}","templated":true}]}}